{"id":107,"date":"2025-10-24T14:39:19","date_gmt":"2025-10-24T12:39:19","guid":{"rendered":"https:\/\/heimatverein-elte.de\/?page_id=107"},"modified":"2025-10-30T12:48:05","modified_gmt":"2025-10-30T11:48:05","slug":"heimatgeschichte","status":"publish","type":"page","link":"https:\/\/heimatverein-elte.de\/?page_id=107","title":{"rendered":"Heimatgeschichte"},"content":{"rendered":"\n<h2 class=\"wp-block-heading\">Geschichtliche Themen aus unserer Heimat<\/h2>\n\n\n\n<div class=\"wp-block-media-text has-media-on-the-right is-stacked-on-mobile\" style=\"grid-template-columns:auto 30%\"><div class=\"wp-block-media-text__content\">\n<p>-kwa- Viele Elteraner sind der Heimatgeschichte sehr verbunden. \u00dcberall im Dorf k\u00f6nnen Eltes Besucher und Bewohner Geschichte hautnah erleben. Elte ist eben urspr\u00fcnglich geblieben und doch mit der Zeit gegangen. Wer das erleben m\u00f6chte, kommt am besten selbst hierher und verbringt einen erholsamen Tag in unserem Dorf oder in Eltes direkter Umgebung.<\/p>\n<\/div><figure class=\"wp-block-media-text__media\"><img loading=\"lazy\" decoding=\"async\" width=\"200\" height=\"292\" src=\"https:\/\/heimatverein-elte.de\/wp-content\/uploads\/2025\/10\/Kaminplatte.jpg\" alt=\"Kaminplatte\" class=\"wp-image-237 size-full\"\/><\/figure><\/div>\n\n\n\n<div class=\"wp-block-media-text is-stacked-on-mobile\" style=\"grid-template-columns:30% auto\"><figure class=\"wp-block-media-text__media\"><img loading=\"lazy\" decoding=\"async\" width=\"250\" height=\"188\" src=\"https:\/\/heimatverein-elte.de\/wp-content\/uploads\/2025\/10\/Kornfeld-03240da3.jpg\" alt=\"Kornfeld\" class=\"wp-image-386 size-full\"\/><\/figure><div class=\"wp-block-media-text__content\">\n<p>Auf dieser Internetseite sollen Interessierte immer \u00fcber einen kleinen Teil unserer Geschichte kurzweilig informiert werden. Es lohnt sich also ab und an einmal hereinzuschauen.<\/p>\n<\/div><\/div>\n\n\n\n<figure class=\"wp-block-table\"><table><tbody><tr><td><a href=\"https:\/\/heimatverein-elte.de\/?page_id=366\" data-type=\"page\" data-id=\"366\"><img loading=\"lazy\" decoding=\"async\" width=\"300\" height=\"199\" class=\"wp-image-382\" style=\"width: 300px;\" src=\"https:\/\/heimatverein-elte.de\/wp-content\/uploads\/2025\/10\/Splenterkotten_kwa_2008.jpg\" alt=\"Splenterkotten 2008\" srcset=\"https:\/\/heimatverein-elte.de\/wp-content\/uploads\/2025\/10\/Splenterkotten_kwa_2008.jpg 451w, https:\/\/heimatverein-elte.de\/wp-content\/uploads\/2025\/10\/Splenterkotten_kwa_2008-300x199.jpg 300w\" sizes=\"auto, (max-width: 300px) 100vw, 300px\" \/><\/a><br><a href=\"https:\/\/heimatverein-elte.de\/?page_id=366\" data-type=\"page\" data-id=\"366\">Splenterkotten<\/a><\/td><td><a href=\"https:\/\/heimatverein-elte.de\/?page_id=368\" data-type=\"page\" data-id=\"368\"><img loading=\"lazy\" decoding=\"async\" width=\"300\" height=\"453\" class=\"wp-image-383\" style=\"width: 300px;\" src=\"https:\/\/heimatverein-elte.de\/wp-content\/uploads\/2025\/10\/Splenterkotten_kwa_2008_2.jpg\" alt=\"Giebelspr\u00fcche\" srcset=\"https:\/\/heimatverein-elte.de\/wp-content\/uploads\/2025\/10\/Splenterkotten_kwa_2008_2.jpg 224w, https:\/\/heimatverein-elte.de\/wp-content\/uploads\/2025\/10\/Splenterkotten_kwa_2008_2-199x300.jpg 199w\" sizes=\"auto, (max-width: 300px) 100vw, 300px\" \/><\/a><br><a href=\"https:\/\/heimatverein-elte.de\/?page_id=368\" data-type=\"page\" data-id=\"368\">Giebelspr\u00fcche<\/a><\/td><td><a href=\"https:\/\/heimatverein-elte.de\/?page_id=370\" data-type=\"page\" data-id=\"370\"><img loading=\"lazy\" decoding=\"async\" width=\"300\" height=\"461\" class=\"wp-image-379\" style=\"width: 300px;\" src=\"https:\/\/heimatverein-elte.de\/wp-content\/uploads\/2025\/10\/bernhard_teigelkamp.jpg\" alt=\"Bernhard Teigelkamp\"><\/a><br><a href=\"https:\/\/heimatverein-elte.de\/?page_id=370\" data-type=\"page\" data-id=\"370\">Teigelkamp<\/a><\/td><\/tr><tr><td><a href=\"https:\/\/heimatverein-elte.de\/?page_id=372\" data-type=\"page\" data-id=\"372\"><img loading=\"lazy\" decoding=\"async\" width=\"300\" height=\"419\" class=\"wp-image-380\" style=\"width: 300px;\" src=\"https:\/\/heimatverein-elte.de\/wp-content\/uploads\/2025\/10\/homann_kohlenhandlung-_dorflinde_um_1950.jpg\" alt=\"Dorflinde Kohlenhandlung Homann\" srcset=\"https:\/\/heimatverein-elte.de\/wp-content\/uploads\/2025\/10\/homann_kohlenhandlung-_dorflinde_um_1950.jpg 264w, https:\/\/heimatverein-elte.de\/wp-content\/uploads\/2025\/10\/homann_kohlenhandlung-_dorflinde_um_1950-215x300.jpg 215w\" sizes=\"auto, (max-width: 300px) 100vw, 300px\" \/><\/a><br><a href=\"https:\/\/heimatverein-elte.de\/?page_id=372\" data-type=\"page\" data-id=\"372\">Dorflinde<\/a><\/td><td><a href=\"https:\/\/heimatverein-elte.de\/?page_id=374\" data-type=\"page\" data-id=\"374\"><img loading=\"lazy\" decoding=\"async\" width=\"300\" height=\"200\" class=\"wp-image-377\" style=\"width: 300px;\" src=\"https:\/\/heimatverein-elte.de\/wp-content\/uploads\/2025\/10\/baugebiet_wischmannstr_1.jpg\" alt=\"Luftbild Kalvarienberg\" srcset=\"https:\/\/heimatverein-elte.de\/wp-content\/uploads\/2025\/10\/baugebiet_wischmannstr_1.jpg 600w, https:\/\/heimatverein-elte.de\/wp-content\/uploads\/2025\/10\/baugebiet_wischmannstr_1-300x200.jpg 300w\" sizes=\"auto, (max-width: 300px) 100vw, 300px\" \/><\/a><br><a href=\"https:\/\/heimatverein-elte.de\/?page_id=374\" data-type=\"page\" data-id=\"374\">10 Jahre Kalvarienberg<\/a><\/td><td><\/td><\/tr><\/tbody><\/table><\/figure>\n\n\n\n<p><\/p>\n","protected":false},"excerpt":{"rendered":"<p>Geschichtliche Themen aus unserer Heimat -kwa- Viele Elteraner sind der Heimatgeschichte sehr verbunden. \u00dcberall im Dorf k\u00f6nnen Eltes Besucher und [&hellip;]<\/p>\n","protected":false},"author":1,"featured_media":0,"parent":0,"menu_order":0,"comment_status":"closed","ping_status":"closed","template":"","meta":{"site-sidebar-layout":"default","site-content-layout":"","ast-site-content-layout":"default","site-content-style":"default","site-sidebar-style":"default","ast-global-header-display":"","ast-banner-title-visibility":"","ast-main-header-display":"","ast-hfb-above-header-display":"","ast-hfb-below-header-display":"","ast-hfb-mobile-header-display":"","site-post-title":"","ast-breadcrumbs-content":"","ast-featured-img":"","footer-sml-layout":"","ast-disable-related-posts":"","theme-transparent-header-meta":"","adv-header-id-meta":"","stick-header-meta":"","header-above-stick-meta":"","header-main-stick-meta":"","header-below-stick-meta":"","astra-migrate-meta-layouts":"default","ast-page-background-enabled":"default","ast-page-background-meta":{"desktop":{"background-color":"var(--ast-global-color-5)","background-image":"","background-repeat":"repeat","background-position":"center center","background-size":"auto","background-attachment":"scroll","background-type":"","background-media":"","overlay-type":"","overlay-color":"","overlay-opacity":"","overlay-gradient":""},"tablet":{"background-color":"","background-image":"","background-repeat":"repeat","background-position":"center center","background-size":"auto","background-attachment":"scroll","background-type":"","background-media":"","overlay-type":"","overlay-color":"","overlay-opacity":"","overlay-gradient":""},"mobile":{"background-color":"","background-image":"","background-repeat":"repeat","background-position":"center center","background-size":"auto","background-attachment":"scroll","background-type":"","background-media":"","overlay-type":"","overlay-color":"","overlay-opacity":"","overlay-gradient":""}},"ast-content-background-meta":{"desktop":{"background-color":"var(--ast-global-color-4)","background-image":"","background-repeat":"repeat","background-position":"center center","background-size":"auto","background-attachment":"scroll","background-type":"","background-media":"","overlay-type":"","overlay-color":"","overlay-opacity":"","overlay-gradient":""},"tablet":{"background-color":"var(--ast-global-color-4)","background-image":"","background-repeat":"repeat","background-position":"center center","background-size":"auto","background-attachment":"scroll","background-type":"","background-media":"","overlay-type":"","overlay-color":"","overlay-opacity":"","overlay-gradient":""},"mobile":{"background-color":"var(--ast-global-color-4)","background-image":"","background-repeat":"repeat","background-position":"center center","background-size":"auto","background-attachment":"scroll","background-type":"","background-media":"","overlay-type":"","overlay-color":"","overlay-opacity":"","overlay-gradient":""}},"footnotes":""},"class_list":["post-107","page","type-page","status-publish","hentry"],"_links":{"self":[{"href":"https:\/\/heimatverein-elte.de\/index.php?rest_route=\/wp\/v2\/pages\/107","targetHints":{"allow":["GET"]}}],"collection":[{"href":"https:\/\/heimatverein-elte.de\/index.php?rest_route=\/wp\/v2\/pages"}],"about":[{"href":"https:\/\/heimatverein-elte.de\/index.php?rest_route=\/wp\/v2\/types\/page"}],"author":[{"embeddable":true,"href":"https:\/\/heimatverein-elte.de\/index.php?rest_route=\/wp\/v2\/users\/1"}],"replies":[{"embeddable":true,"href":"https:\/\/heimatverein-elte.de\/index.php?rest_route=%2Fwp%2Fv2%2Fcomments&post=107"}],"version-history":[{"count":9,"href":"https:\/\/heimatverein-elte.de\/index.php?rest_route=\/wp\/v2\/pages\/107\/revisions"}],"predecessor-version":[{"id":555,"href":"https:\/\/heimatverein-elte.de\/index.php?rest_route=\/wp\/v2\/pages\/107\/revisions\/555"}],"wp:attachment":[{"href":"https:\/\/heimatverein-elte.de\/index.php?rest_route=%2Fwp%2Fv2%2Fmedia&parent=107"}],"curies":[{"name":"wp","href":"https:\/\/api.w.org\/{rel}","templated":true}]}}