{"id":109,"date":"2025-10-24T14:39:31","date_gmt":"2025-10-24T12:39:31","guid":{"rendered":"https:\/\/heimatverein-elte.de\/?page_id=109"},"modified":"2025-10-30T13:16:57","modified_gmt":"2025-10-30T12:16:57","slug":"regionalgeschichte","status":"publish","type":"page","link":"https:\/\/heimatverein-elte.de\/?page_id=109","title":{"rendered":"Regionalgeschichte"},"content":{"rendered":"\n<h2 class=\"wp-block-heading\">Geschichtliches aus unserer Region<\/h2>\n\n\n\n<p>Hier gibt es Informationen zur Regionalgeschichte<br><br>&#8230; in Form von Bildern und den dazugeh\u00f6rigen Insiderinformationen.<br><br>\u00dcber Beitr\u00e4ge unserer Mitglieder freuen wir uns jederzeit. Kontakt: Email:\u00a0<a href=\"mailto:wamelink@t-online.de\">wamelink@t-online.de<\/a><a href=\"https:\/\/heimatverein-elte.de\/geschichte\/regionalgeschichte\/burg-bevergern.html\"><\/a><\/p>\n\n\n\n<figure class=\"wp-block-table\"><table><tbody><tr><td><a href=\"https:\/\/heimatverein-elte.de\/?page_id=579\" data-type=\"page\" data-id=\"579\"><img loading=\"lazy\" decoding=\"async\" width=\"150\" height=\"234\" class=\"wp-image-238\" style=\"width: 150px;\" src=\"https:\/\/heimatverein-elte.de\/wp-content\/uploads\/2025\/10\/Wappen-der-Burg-Bevergern.jpg\" alt=\"Wappen der Burg Bevergern\" srcset=\"https:\/\/heimatverein-elte.de\/wp-content\/uploads\/2025\/10\/Wappen-der-Burg-Bevergern.jpg 218w, https:\/\/heimatverein-elte.de\/wp-content\/uploads\/2025\/10\/Wappen-der-Burg-Bevergern-192x300.jpg 192w\" sizes=\"auto, (max-width: 150px) 100vw, 150px\" \/><\/a><br><a href=\"https:\/\/heimatverein-elte.de\/?page_id=579\" data-type=\"page\" data-id=\"579\">Burg Bevergern<\/a><\/td><td><\/td><\/tr><\/tbody><\/table><\/figure>\n","protected":false},"excerpt":{"rendered":"<p>Geschichtliches aus unserer Region Hier gibt es Informationen zur Regionalgeschichte &#8230; in Form von Bildern und den dazugeh\u00f6rigen Insiderinformationen. \u00dcber [&hellip;]<\/p>\n","protected":false},"author":1,"featured_media":0,"parent":0,"menu_order":0,"comment_status":"closed","ping_status":"closed","template":"","meta":{"site-sidebar-layout":"default","site-content-layout":"","ast-site-content-layout":"default","site-content-style":"default","site-sidebar-style":"default","ast-global-header-display":"","ast-banner-title-visibility":"","ast-main-header-display":"","ast-hfb-above-header-display":"","ast-hfb-below-header-display":"","ast-hfb-mobile-header-display":"","site-post-title":"","ast-breadcrumbs-content":"","ast-featured-img":"","footer-sml-layout":"","ast-disable-related-posts":"","theme-transparent-header-meta":"","adv-header-id-meta":"","stick-header-meta":"","header-above-stick-meta":"","header-main-stick-meta":"","header-below-stick-meta":"","astra-migrate-meta-layouts":"default","ast-page-background-enabled":"default","ast-page-background-meta":{"desktop":{"background-color":"var(--ast-global-color-5)","background-image":"","background-repeat":"repeat","background-position":"center center","background-size":"auto","background-attachment":"scroll","background-type":"","background-media":"","overlay-type":"","overlay-color":"","overlay-opacity":"","overlay-gradient":""},"tablet":{"background-color":"","background-image":"","background-repeat":"repeat","background-position":"center center","background-size":"auto","background-attachment":"scroll","background-type":"","background-media":"","overlay-type":"","overlay-color":"","overlay-opacity":"","overlay-gradient":""},"mobile":{"background-color":"","background-image":"","background-repeat":"repeat","background-position":"center center","background-size":"auto","background-attachment":"scroll","background-type":"","background-media":"","overlay-type":"","overlay-color":"","overlay-opacity":"","overlay-gradient":""}},"ast-content-background-meta":{"desktop":{"background-color":"var(--ast-global-color-4)","background-image":"","background-repeat":"repeat","background-position":"center center","background-size":"auto","background-attachment":"scroll","background-type":"","background-media":"","overlay-type":"","overlay-color":"","overlay-opacity":"","overlay-gradient":""},"tablet":{"background-color":"var(--ast-global-color-4)","background-image":"","background-repeat":"repeat","background-position":"center center","background-size":"auto","background-attachment":"scroll","background-type":"","background-media":"","overlay-type":"","overlay-color":"","overlay-opacity":"","overlay-gradient":""},"mobile":{"background-color":"var(--ast-global-color-4)","background-image":"","background-repeat":"repeat","background-position":"center center","background-size":"auto","background-attachment":"scroll","background-type":"","background-media":"","overlay-type":"","overlay-color":"","overlay-opacity":"","overlay-gradient":""}},"footnotes":""},"class_list":["post-109","page","type-page","status-publish","hentry"],"_links":{"self":[{"href":"https:\/\/heimatverein-elte.de\/index.php?rest_route=\/wp\/v2\/pages\/109","targetHints":{"allow":["GET"]}}],"collection":[{"href":"https:\/\/heimatverein-elte.de\/index.php?rest_route=\/wp\/v2\/pages"}],"about":[{"href":"https:\/\/heimatverein-elte.de\/index.php?rest_route=\/wp\/v2\/types\/page"}],"author":[{"embeddable":true,"href":"https:\/\/heimatverein-elte.de\/index.php?rest_route=\/wp\/v2\/users\/1"}],"replies":[{"embeddable":true,"href":"https:\/\/heimatverein-elte.de\/index.php?rest_route=%2Fwp%2Fv2%2Fcomments&post=109"}],"version-history":[{"count":3,"href":"https:\/\/heimatverein-elte.de\/index.php?rest_route=\/wp\/v2\/pages\/109\/revisions"}],"predecessor-version":[{"id":583,"href":"https:\/\/heimatverein-elte.de\/index.php?rest_route=\/wp\/v2\/pages\/109\/revisions\/583"}],"wp:attachment":[{"href":"https:\/\/heimatverein-elte.de\/index.php?rest_route=%2Fwp%2Fv2%2Fmedia&parent=109"}],"curies":[{"name":"wp","href":"https:\/\/api.w.org\/{rel}","templated":true}]}}