{"id":115,"date":"2025-10-24T14:40:53","date_gmt":"2025-10-24T12:40:53","guid":{"rendered":"https:\/\/heimatverein-elte.de\/?page_id=115"},"modified":"2025-10-30T13:20:13","modified_gmt":"2025-10-30T12:20:13","slug":"naturerlebnisse","status":"publish","type":"page","link":"https:\/\/heimatverein-elte.de\/?page_id=115","title":{"rendered":"Naturerlebnisse"},"content":{"rendered":"\n<figure class=\"wp-block-image aligncenter size-full is-style-rounded\"><img loading=\"lazy\" decoding=\"async\" width=\"590\" height=\"200\" src=\"https:\/\/heimatverein-elte.de\/wp-content\/uploads\/2025\/10\/skyline_elte_banner.jpeg\" alt=\"\" class=\"wp-image-242\" srcset=\"https:\/\/heimatverein-elte.de\/wp-content\/uploads\/2025\/10\/skyline_elte_banner.jpeg 590w, https:\/\/heimatverein-elte.de\/wp-content\/uploads\/2025\/10\/skyline_elte_banner-300x102.jpeg 300w\" sizes=\"auto, (max-width: 590px) 100vw, 590px\" \/><\/figure>\n\n\n\n<figure class=\"wp-block-table\"><table><tbody><tr><td><a href=\"https:\/\/heimatverein-elte.de\/?page_id=117\" data-type=\"page\" data-id=\"117\"><img loading=\"lazy\" decoding=\"async\" width=\"300\" height=\"200\" class=\"wp-image-251\" style=\"width: 300px;\" src=\"https:\/\/heimatverein-elte.de\/wp-content\/uploads\/2025\/10\/schildimhochwasser.jpg\" alt=\"\" srcset=\"https:\/\/heimatverein-elte.de\/wp-content\/uploads\/2025\/10\/schildimhochwasser.jpg 370w, https:\/\/heimatverein-elte.de\/wp-content\/uploads\/2025\/10\/schildimhochwasser-300x200.jpg 300w\" sizes=\"auto, (max-width: 300px) 100vw, 300px\" \/><\/a><br><a href=\"https:\/\/heimatverein-elte.de\/?page_id=117\" data-type=\"page\" data-id=\"117\">Hochwasser<\/a><\/td><td><a href=\"https:\/\/heimatverein-elte.de\/?page_id=119\" data-type=\"page\" data-id=\"119\"><img loading=\"lazy\" decoding=\"async\" width=\"300\" height=\"162\" class=\"wp-image-247\" style=\"width: 300px;\" src=\"https:\/\/heimatverein-elte.de\/wp-content\/uploads\/2025\/10\/osm_bockholt_copyright.png\" alt=\"\" srcset=\"https:\/\/heimatverein-elte.de\/wp-content\/uploads\/2025\/10\/osm_bockholt_copyright.png 650w, https:\/\/heimatverein-elte.de\/wp-content\/uploads\/2025\/10\/osm_bockholt_copyright-300x162.png 300w\" sizes=\"auto, (max-width: 300px) 100vw, 300px\" \/><\/a><br><a href=\"https:\/\/heimatverein-elte.de\/?page_id=119\" data-type=\"page\" data-id=\"119\">An der Emsf\u00e4hre<\/a><\/td><td><a href=\"https:\/\/heimatverein-elte.de\/?page_id=121\" data-type=\"page\" data-id=\"121\"><img loading=\"lazy\" decoding=\"async\" width=\"300\" height=\"254\" class=\"wp-image-246\" style=\"width: 300px;\" src=\"https:\/\/heimatverein-elte.de\/wp-content\/uploads\/2025\/10\/kiebitz.jpg\" alt=\"\"><\/a><br><a href=\"https:\/\/heimatverein-elte.de\/?page_id=121\" data-type=\"page\" data-id=\"121\">Der Kiebitz<\/a><\/td><\/tr><tr><td><a href=\"https:\/\/heimatverein-elte.de\/?page_id=123\" data-type=\"page\" data-id=\"123\"><img loading=\"lazy\" decoding=\"async\" width=\"300\" height=\"202\" class=\"wp-image-243\" style=\"width: 300px;\" src=\"https:\/\/heimatverein-elte.de\/wp-content\/uploads\/2025\/10\/alte_ems_1a.jpg\" alt=\"\" srcset=\"https:\/\/heimatverein-elte.de\/wp-content\/uploads\/2025\/10\/alte_ems_1a.jpg 365w, https:\/\/heimatverein-elte.de\/wp-content\/uploads\/2025\/10\/alte_ems_1a-300x202.jpg 300w\" sizes=\"auto, (max-width: 300px) 100vw, 300px\" \/><\/a><br><a href=\"https:\/\/heimatverein-elte.de\/?page_id=123\" data-type=\"page\" data-id=\"123\">Zur Alten Ems<\/a><br><\/td><td><a href=\"https:\/\/heimatverein-elte.de\/?page_id=125\" data-type=\"page\" data-id=\"125\"><img loading=\"lazy\" decoding=\"async\" width=\"300\" height=\"225\" class=\"wp-image-253\" style=\"width: 300px;\" src=\"https:\/\/heimatverein-elte.de\/wp-content\/uploads\/2025\/10\/nonnenp_1.jpg\" alt=\"\" srcset=\"https:\/\/heimatverein-elte.de\/wp-content\/uploads\/2025\/10\/nonnenp_1.jpg 370w, https:\/\/heimatverein-elte.de\/wp-content\/uploads\/2025\/10\/nonnenp_1-300x225.jpg 300w\" sizes=\"auto, (max-width: 300px) 100vw, 300px\" \/><\/a><br><a href=\"https:\/\/heimatverein-elte.de\/?page_id=125\" data-type=\"page\" data-id=\"125\">Nonnenp\u00e4dken<\/a><\/td><td><a href=\"https:\/\/heimatverein-elte.de\/?page_id=127\" data-type=\"page\" data-id=\"127\"><img loading=\"lazy\" decoding=\"async\" width=\"300\" height=\"225\" class=\"wp-image-258\" style=\"width: 300px;\" src=\"https:\/\/heimatverein-elte.de\/wp-content\/uploads\/2025\/10\/schulte-elte_1.jpg\" alt=\"\" srcset=\"https:\/\/heimatverein-elte.de\/wp-content\/uploads\/2025\/10\/schulte-elte_1.jpg 370w, https:\/\/heimatverein-elte.de\/wp-content\/uploads\/2025\/10\/schulte-elte_1-300x225.jpg 300w\" sizes=\"auto, (max-width: 300px) 100vw, 300px\" \/><\/a><br><a href=\"https:\/\/heimatverein-elte.de\/?page_id=127\" data-type=\"page\" data-id=\"127\">Schulte-Elte-Stra\u00dfe<\/a><\/td><\/tr><\/tbody><\/table><\/figure>\n\n\n\n<p><\/p>\n","protected":false},"excerpt":{"rendered":"<p>Hochwasser An der Emsf\u00e4hre Der Kiebitz Zur Alten Ems Nonnenp\u00e4dken Schulte-Elte-Stra\u00dfe<\/p>\n","protected":false},"author":1,"featured_media":0,"parent":0,"menu_order":0,"comment_status":"closed","ping_status":"closed","template":"","meta":{"site-sidebar-layout":"default","site-content-layout":"","ast-site-content-layout":"default","site-content-style":"default","site-sidebar-style":"default","ast-global-header-display":"","ast-banner-title-visibility":"","ast-main-header-display":"","ast-hfb-above-header-display":"","ast-hfb-below-header-display":"","ast-hfb-mobile-header-display":"","site-post-title":"","ast-breadcrumbs-content":"","ast-featured-img":"","footer-sml-layout":"","ast-disable-related-posts":"","theme-transparent-header-meta":"","adv-header-id-meta":"","stick-header-meta":"","header-above-stick-meta":"","header-main-stick-meta":"","header-below-stick-meta":"","astra-migrate-meta-layouts":"default","ast-page-background-enabled":"default","ast-page-background-meta":{"desktop":{"background-color":"var(--ast-global-color-5)","background-image":"","background-repeat":"repeat","background-position":"center center","background-size":"auto","background-attachment":"scroll","background-type":"","background-media":"","overlay-type":"","overlay-color":"","overlay-opacity":"","overlay-gradient":""},"tablet":{"background-color":"","background-image":"","background-repeat":"repeat","background-position":"center center","background-size":"auto","background-attachment":"scroll","background-type":"","background-media":"","overlay-type":"","overlay-color":"","overlay-opacity":"","overlay-gradient":""},"mobile":{"background-color":"","background-image":"","background-repeat":"repeat","background-position":"center center","background-size":"auto","background-attachment":"scroll","background-type":"","background-media":"","overlay-type":"","overlay-color":"","overlay-opacity":"","overlay-gradient":""}},"ast-content-background-meta":{"desktop":{"background-color":"var(--ast-global-color-4)","background-image":"","background-repeat":"repeat","background-position":"center center","background-size":"auto","background-attachment":"scroll","background-type":"","background-media":"","overlay-type":"","overlay-color":"","overlay-opacity":"","overlay-gradient":""},"tablet":{"background-color":"var(--ast-global-color-4)","background-image":"","background-repeat":"repeat","background-position":"center center","background-size":"auto","background-attachment":"scroll","background-type":"","background-media":"","overlay-type":"","overlay-color":"","overlay-opacity":"","overlay-gradient":""},"mobile":{"background-color":"var(--ast-global-color-4)","background-image":"","background-repeat":"repeat","background-position":"center center","background-size":"auto","background-attachment":"scroll","background-type":"","background-media":"","overlay-type":"","overlay-color":"","overlay-opacity":"","overlay-gradient":""}},"footnotes":""},"class_list":["post-115","page","type-page","status-publish","hentry"],"_links":{"self":[{"href":"https:\/\/heimatverein-elte.de\/index.php?rest_route=\/wp\/v2\/pages\/115","targetHints":{"allow":["GET"]}}],"collection":[{"href":"https:\/\/heimatverein-elte.de\/index.php?rest_route=\/wp\/v2\/pages"}],"about":[{"href":"https:\/\/heimatverein-elte.de\/index.php?rest_route=\/wp\/v2\/types\/page"}],"author":[{"embeddable":true,"href":"https:\/\/heimatverein-elte.de\/index.php?rest_route=\/wp\/v2\/users\/1"}],"replies":[{"embeddable":true,"href":"https:\/\/heimatverein-elte.de\/index.php?rest_route=%2Fwp%2Fv2%2Fcomments&post=115"}],"version-history":[{"count":11,"href":"https:\/\/heimatverein-elte.de\/index.php?rest_route=\/wp\/v2\/pages\/115\/revisions"}],"predecessor-version":[{"id":586,"href":"https:\/\/heimatverein-elte.de\/index.php?rest_route=\/wp\/v2\/pages\/115\/revisions\/586"}],"wp:attachment":[{"href":"https:\/\/heimatverein-elte.de\/index.php?rest_route=%2Fwp%2Fv2%2Fmedia&parent=115"}],"curies":[{"name":"wp","href":"https:\/\/api.w.org\/{rel}","templated":true}]}}