{"id":117,"date":"2025-10-24T14:41:06","date_gmt":"2025-10-24T12:41:06","guid":{"rendered":"https:\/\/heimatverein-elte.de\/?page_id=117"},"modified":"2025-10-30T13:22:20","modified_gmt":"2025-10-30T12:22:20","slug":"hochwasser","status":"publish","type":"page","link":"https:\/\/heimatverein-elte.de\/?page_id=117","title":{"rendered":"Hochwasser"},"content":{"rendered":"\n<div class=\"wp-block-media-text is-stacked-on-mobile is-style-default\" style=\"grid-template-columns:30% auto\"><figure class=\"wp-block-media-text__media\"><img loading=\"lazy\" decoding=\"async\" width=\"370\" height=\"247\" src=\"https:\/\/heimatverein-elte.de\/wp-content\/uploads\/2025\/10\/hochwasser.jpg\" alt=\"Hochwasser an der Ems\" class=\"wp-image-248 size-full\" srcset=\"https:\/\/heimatverein-elte.de\/wp-content\/uploads\/2025\/10\/hochwasser.jpg 370w, https:\/\/heimatverein-elte.de\/wp-content\/uploads\/2025\/10\/hochwasser-300x200.jpg 300w\" sizes=\"auto, (max-width: 370px) 100vw, 370px\" \/><\/figure><div class=\"wp-block-media-text__content\">\n<p>Einige werden jetzt denken: Was hat das Hochwasser mit Naturerlebnisse zu tun? Eigentlich sehr viel. Wir k\u00f6nnen uns gl\u00fccklich sch\u00e4tzen, dass Elte den alten Emsarm am Hasenpohl hat und das Rheine, sowie Emsdetten und Mesum weitere Gebiete beherbergen, die \u00fcberschwemmt werden k\u00f6nnen. Siehe die Auewiesen in Gellendorf oder Elte. In Elte gibt es zwei wichtige Br\u00fccken. Einmal die gro\u00dfe, die f\u00fcr den B\u00fcrger als Verkehrsweg dient und die kleine, die die Ems als Vorflutbr\u00fccke nutzt, wodurch die angrenzenden Wiesen \u00fcberschwemmt werden k\u00f6nnen.<\/p>\n<\/div><\/div>\n\n\n\n<hr class=\"wp-block-separator has-alpha-channel-opacity\"\/>\n\n\n\n<div class=\"wp-block-media-text alignfull is-stacked-on-mobile\" style=\"grid-template-columns:30% auto\"><figure class=\"wp-block-media-text__media\"><img loading=\"lazy\" decoding=\"async\" width=\"370\" height=\"247\" src=\"https:\/\/heimatverein-elte.de\/wp-content\/uploads\/2025\/10\/schildimhochwasser.jpg\" alt=\"Schild vom Wasser eingeschlossen\" class=\"wp-image-251 size-full\" srcset=\"https:\/\/heimatverein-elte.de\/wp-content\/uploads\/2025\/10\/schildimhochwasser.jpg 370w, https:\/\/heimatverein-elte.de\/wp-content\/uploads\/2025\/10\/schildimhochwasser-300x200.jpg 300w\" sizes=\"auto, (max-width: 370px) 100vw, 370px\" \/><\/figure><div class=\"wp-block-media-text__content\">\n<p>G\u00e4be es die \u00dcberschwemmungsgebiete nicht, w\u00e4re in Rheine die untere Innenstadt, in Gellendorf die Elter Stra\u00dfe, in Mesum am Gasthof \u201eHohe Heide\u201c, sowie am M\u00fcnsterlanddamm ziemliches Hochwasser. Da sich das Wasser in den beschriebenen Gebieten ausdehnen kann, sorgen sie f\u00fcr ein relativ \u201eniedriges\u201e Hochwasser.<\/p>\n<\/div><\/div>\n\n\n\n<hr class=\"wp-block-separator has-alpha-channel-opacity\"\/>\n\n\n\n<div class=\"wp-block-media-text is-stacked-on-mobile\" style=\"grid-template-columns:30% auto\"><figure class=\"wp-block-media-text__media\"><img loading=\"lazy\" decoding=\"async\" width=\"370\" height=\"247\" src=\"https:\/\/heimatverein-elte.de\/wp-content\/uploads\/2025\/10\/voegel_im_hochwasser.jpg\" alt=\"V\u00f6gel im Hochwasser\" class=\"wp-image-252 size-full\" srcset=\"https:\/\/heimatverein-elte.de\/wp-content\/uploads\/2025\/10\/voegel_im_hochwasser.jpg 370w, https:\/\/heimatverein-elte.de\/wp-content\/uploads\/2025\/10\/voegel_im_hochwasser-300x200.jpg 300w\" sizes=\"auto, (max-width: 370px) 100vw, 370px\" \/><\/figure><div class=\"wp-block-media-text__content\">\n<p>Ist das Hochwasser da, sammeln sich allerlei V\u00f6gel in den Auen. Wildenten, G\u00e4nse, St\u00f6rche und sogar L\u00f6ffler und Schnepfen sieht man dann, um einen Leckerbissen zu erwischen. Ein wundersch\u00f6ner Anblick. Alles scheint friedlich zu sein. Und doch ist es ein st\u00e4ndiger Kampf in der Natur um zu \u00fcberleben. Mit dem Hochwasser werden auch Samen von Gr\u00e4sern und Pflanzen angeschwemmt. Davon leben die Auen, wodurch sich seltene Pflanzen ansiedeln.<\/p>\n<\/div><\/div>\n\n\n\n<hr class=\"wp-block-separator has-alpha-channel-opacity\"\/>\n\n\n\n<p>Es gibt aber auch eine gewisse Spezies (Mensch), die diese Gebiete als \u201ewilde M\u00fcllhalde\u201c benutzen (siehe Bilder):<\/p>\n\n\n\n<figure class=\"wp-block-image size-full is-resized\"><img loading=\"lazy\" decoding=\"async\" width=\"370\" height=\"247\" src=\"https:\/\/heimatverein-elte.de\/wp-content\/uploads\/2025\/10\/muell.jpg\" alt=\"M\u00fclls\u00e4cke im Wald\" class=\"wp-image-250\" style=\"width:300px\" srcset=\"https:\/\/heimatverein-elte.de\/wp-content\/uploads\/2025\/10\/muell.jpg 370w, https:\/\/heimatverein-elte.de\/wp-content\/uploads\/2025\/10\/muell-300x200.jpg 300w\" sizes=\"auto, (max-width: 370px) 100vw, 370px\" \/><\/figure>\n\n\n\n<figure class=\"wp-block-image size-full is-resized\"><img loading=\"lazy\" decoding=\"async\" width=\"370\" height=\"247\" src=\"https:\/\/heimatverein-elte.de\/wp-content\/uploads\/2025\/10\/microwelle.jpg\" alt=\"Mikrowelle im Wald\" class=\"wp-image-249\" style=\"width:300px\" srcset=\"https:\/\/heimatverein-elte.de\/wp-content\/uploads\/2025\/10\/microwelle.jpg 370w, https:\/\/heimatverein-elte.de\/wp-content\/uploads\/2025\/10\/microwelle-300x200.jpg 300w\" sizes=\"auto, (max-width: 370px) 100vw, 370px\" \/><\/figure>\n","protected":false},"excerpt":{"rendered":"<p>Einige werden jetzt denken: Was hat das Hochwasser mit Naturerlebnisse zu tun? Eigentlich sehr viel. Wir k\u00f6nnen uns gl\u00fccklich sch\u00e4tzen, [&hellip;]<\/p>\n","protected":false},"author":1,"featured_media":0,"parent":0,"menu_order":0,"comment_status":"closed","ping_status":"closed","template":"","meta":{"site-sidebar-layout":"default","site-content-layout":"","ast-site-content-layout":"default","site-content-style":"default","site-sidebar-style":"default","ast-global-header-display":"","ast-banner-title-visibility":"","ast-main-header-display":"","ast-hfb-above-header-display":"","ast-hfb-below-header-display":"","ast-hfb-mobile-header-display":"","site-post-title":"","ast-breadcrumbs-content":"","ast-featured-img":"","footer-sml-layout":"","ast-disable-related-posts":"","theme-transparent-header-meta":"","adv-header-id-meta":"","stick-header-meta":"","header-above-stick-meta":"","header-main-stick-meta":"","header-below-stick-meta":"","astra-migrate-meta-layouts":"default","ast-page-background-enabled":"default","ast-page-background-meta":{"desktop":{"background-color":"var(--ast-global-color-5)","background-image":"","background-repeat":"repeat","background-position":"center center","background-size":"auto","background-attachment":"scroll","background-type":"","background-media":"","overlay-type":"","overlay-color":"","overlay-opacity":"","overlay-gradient":""},"tablet":{"background-color":"","background-image":"","background-repeat":"repeat","background-position":"center center","background-size":"auto","background-attachment":"scroll","background-type":"","background-media":"","overlay-type":"","overlay-color":"","overlay-opacity":"","overlay-gradient":""},"mobile":{"background-color":"","background-image":"","background-repeat":"repeat","background-position":"center center","background-size":"auto","background-attachment":"scroll","background-type":"","background-media":"","overlay-type":"","overlay-color":"","overlay-opacity":"","overlay-gradient":""}},"ast-content-background-meta":{"desktop":{"background-color":"var(--ast-global-color-4)","background-image":"","background-repeat":"repeat","background-position":"center center","background-size":"auto","background-attachment":"scroll","background-type":"","background-media":"","overlay-type":"","overlay-color":"","overlay-opacity":"","overlay-gradient":""},"tablet":{"background-color":"var(--ast-global-color-4)","background-image":"","background-repeat":"repeat","background-position":"center center","background-size":"auto","background-attachment":"scroll","background-type":"","background-media":"","overlay-type":"","overlay-color":"","overlay-opacity":"","overlay-gradient":""},"mobile":{"background-color":"var(--ast-global-color-4)","background-image":"","background-repeat":"repeat","background-position":"center center","background-size":"auto","background-attachment":"scroll","background-type":"","background-media":"","overlay-type":"","overlay-color":"","overlay-opacity":"","overlay-gradient":""}},"footnotes":""},"class_list":["post-117","page","type-page","status-publish","hentry"],"_links":{"self":[{"href":"https:\/\/heimatverein-elte.de\/index.php?rest_route=\/wp\/v2\/pages\/117","targetHints":{"allow":["GET"]}}],"collection":[{"href":"https:\/\/heimatverein-elte.de\/index.php?rest_route=\/wp\/v2\/pages"}],"about":[{"href":"https:\/\/heimatverein-elte.de\/index.php?rest_route=\/wp\/v2\/types\/page"}],"author":[{"embeddable":true,"href":"https:\/\/heimatverein-elte.de\/index.php?rest_route=\/wp\/v2\/users\/1"}],"replies":[{"embeddable":true,"href":"https:\/\/heimatverein-elte.de\/index.php?rest_route=%2Fwp%2Fv2%2Fcomments&post=117"}],"version-history":[{"count":11,"href":"https:\/\/heimatverein-elte.de\/index.php?rest_route=\/wp\/v2\/pages\/117\/revisions"}],"predecessor-version":[{"id":588,"href":"https:\/\/heimatverein-elte.de\/index.php?rest_route=\/wp\/v2\/pages\/117\/revisions\/588"}],"wp:attachment":[{"href":"https:\/\/heimatverein-elte.de\/index.php?rest_route=%2Fwp%2Fv2%2Fmedia&parent=117"}],"curies":[{"name":"wp","href":"https:\/\/api.w.org\/{rel}","templated":true}]}}