{"id":127,"date":"2025-10-24T14:43:08","date_gmt":"2025-10-24T12:43:08","guid":{"rendered":"https:\/\/heimatverein-elte.de\/?page_id=127"},"modified":"2025-10-30T13:31:29","modified_gmt":"2025-10-30T12:31:29","slug":"schulte-elte-strasse","status":"publish","type":"page","link":"https:\/\/heimatverein-elte.de\/?page_id=127","title":{"rendered":"Schulte-Elte-Stra\u00dfe"},"content":{"rendered":"\n<figure class=\"wp-block-image aligncenter size-full is-resized\"><img loading=\"lazy\" decoding=\"async\" width=\"370\" height=\"278\" src=\"https:\/\/heimatverein-elte.de\/wp-content\/uploads\/2025\/10\/schulte-elte_1.jpg\" alt=\"Stra\u00dfenschild &quot;Schulte-Elte-Stra\u00dfe&quot;\" class=\"wp-image-258\" style=\"width:300px\" srcset=\"https:\/\/heimatverein-elte.de\/wp-content\/uploads\/2025\/10\/schulte-elte_1.jpg 370w, https:\/\/heimatverein-elte.de\/wp-content\/uploads\/2025\/10\/schulte-elte_1-300x225.jpg 300w\" sizes=\"auto, (max-width: 370px) 100vw, 370px\" \/><\/figure>\n\n\n\n<div class=\"wp-block-media-text is-stacked-on-mobile\" style=\"grid-template-columns:30% auto\"><figure class=\"wp-block-media-text__media\"><img loading=\"lazy\" decoding=\"async\" width=\"370\" height=\"278\" src=\"https:\/\/heimatverein-elte.de\/wp-content\/uploads\/2025\/10\/schulte-elte_2-d0647d66.jpg\" alt=\"Die Ems\" class=\"wp-image-259 size-full\" srcset=\"https:\/\/heimatverein-elte.de\/wp-content\/uploads\/2025\/10\/schulte-elte_2-d0647d66.jpg 370w, https:\/\/heimatverein-elte.de\/wp-content\/uploads\/2025\/10\/schulte-elte_2-d0647d66-300x225.jpg 300w\" sizes=\"auto, (max-width: 370px) 100vw, 370px\" \/><\/figure><div class=\"wp-block-media-text__content\">\n<p>Hallo Naturfreunde!<br><br>Ich bin wieder in den Naturgebieten in Elte auf Achse. Heute bin ich im Naturgebiet \u201eSchulte-Elte-Stra\u00dfe\u201c.<br><br>Der Mai ist gekommen und, \u201eVorsicht\u201c, die B\u00e4ume schlagen aus. Ein lautes Brummen hinter, vor und neben mir. Die Maik\u00e4fer umschw\u00e4rmen die Eichen und Buchen. Mampf, mampf wie lecker sind die Bl\u00e4tter. <br><br>Pl\u00f6tzlich h\u00f6re ich ein lautes \u201eKuckuck\u201c aus dem Wald. Das kann ich gar nicht glauben. Ein Kuckuck hier in Elte? Die sind doch so selten geworden. Da! Schon wieder \u201eKuckuck\u201c. Ja welch eine Freude, es gibt ihn doch noch, den Kuckuck in Elte.<br><br>Ja, Naturfreunde, kommt nach Elte und ihr werdet sehr seltene Tiere sehen. Nat\u00fcrlich nicht einfach hingehen, gucken, und sagen da ist nichts, sondern man braucht schon ein wenig Zeit und Geduld.<\/p>\n<\/div><\/div>\n\n\n\n<div class=\"wp-block-media-text is-stacked-on-mobile\" style=\"grid-template-columns:30% auto\"><figure class=\"wp-block-media-text__media\"><img loading=\"lazy\" decoding=\"async\" width=\"370\" height=\"278\" src=\"https:\/\/heimatverein-elte.de\/wp-content\/uploads\/2025\/10\/schulte-elte_5-8ad88b36.jpg\" alt=\"Die Ems mit einem Gimpel\" class=\"wp-image-261 size-full\" srcset=\"https:\/\/heimatverein-elte.de\/wp-content\/uploads\/2025\/10\/schulte-elte_5-8ad88b36.jpg 370w, https:\/\/heimatverein-elte.de\/wp-content\/uploads\/2025\/10\/schulte-elte_5-8ad88b36-300x225.jpg 300w\" sizes=\"auto, (max-width: 370px) 100vw, 370px\" \/><\/figure><div class=\"wp-block-media-text__content\">\n<p>Ein stark bedrohter sch\u00f6ner bunter Vogel ist der Gimpel. Sein Lebensraum sind W\u00e4lder, G\u00e4rten und Parks. Er ist ein Baumbr\u00fcter und ern\u00e4hrt sich von Samen, Knospen, Beeren und Insekten.<br><br>Durch die B\u00e4ume schimmert das Sonnenlicht und ein kr\u00e4chzen des Eichelh\u00e4hers dringt an mein Ohr. Er z\u00e4hlt zu den Rabenv\u00f6geln und ist immer am schimpfen, wenn man ihm zu nahe kommt. Ein weiterer Vogel, der zu den Rabenv\u00f6geln z\u00e4hlt, ist die Elster. Das typische schwarz-wei\u00dfe Muster und metallisch gl\u00e4nzendes Gefieder begeistert mich immer wieder.<\/p>\n<\/div><\/div>\n\n\n\n<div class=\"wp-block-media-text has-media-on-the-right is-stacked-on-mobile\" style=\"grid-template-columns:auto 30%\"><div class=\"wp-block-media-text__content\">\n<p>Ich war so begeistert , das ich neben mir ( ca. 15m ) einen Fuchs fast nicht bemerkte. Mein Gott, wo soll ich denn \u00fcberall hin gucken. Es gibt so viel zu sehen. Pl\u00f6tzlich ein Riesensprung des Fuchses. Ich hatte mich richtig erschrocken. Als er wieder aus dem Dickicht auftauchte, hielt er eine Maus zwischen den F\u00e4ngen. Na dann guten Appetit.<br><br>Aufgepasst!!!! Das Erste mal in meinem Leben sehe ich vor mir in einer Astgabel einen leuchtend gelber Vogel mit schwarzen Fl\u00fcgeln und schwarzem Augenstrich und schwarz gelben Schwanz.Es ist ein sehr sehr seltener und bedrohter Vogel. Es war ein Pirol.<br><br>Nat\u00fcrlich gibt es nicht nur kleine Tiere, sondern auch Rehe,die die Ems als Tr\u00e4nke sehen. Dort kann man sie von weitem und mit dem Fernglas in ruhe beobachten. Da sie sehr scheu sind, sollte man viel sich Zeit mitbringen. Vor allem muss man sich sehr ruhig verhalten. Also, das Fernglas ans Auge und gucken.<br><br>Dann klettere ich mal auf einen Hochsitz (Der oder die Besitzer m\u00f6gen mir das verzeihen) und warte (ab und zu stundenlang) auf das was da kommt. Aber es lohnt sich. Ich war ganz erstaunt, wie viel Rehe es in Elte gibt. Einfach toll.<\/p>\n<\/div><figure class=\"wp-block-media-text__media\"><img loading=\"lazy\" decoding=\"async\" width=\"370\" height=\"278\" src=\"https:\/\/heimatverein-elte.de\/wp-content\/uploads\/2025\/10\/schulte-elte_3-312badc0.jpg\" alt=\"Die Ems\" class=\"wp-image-260 size-full\" srcset=\"https:\/\/heimatverein-elte.de\/wp-content\/uploads\/2025\/10\/schulte-elte_3-312badc0.jpg 370w, https:\/\/heimatverein-elte.de\/wp-content\/uploads\/2025\/10\/schulte-elte_3-312badc0-300x225.jpg 300w\" sizes=\"auto, (max-width: 370px) 100vw, 370px\" \/><\/figure><\/div>\n\n\n\n<div class=\"wp-block-media-text has-media-on-the-right is-stacked-on-mobile\" style=\"grid-template-columns:auto 30%\"><div class=\"wp-block-media-text__content\">\n<p>Jede Menge Kaninchen hoppeln \u00fcber die feuchte Wiese. Da ich meine Augen auch immer auf den Boden richte, fiel mir ein Gelege auf, das vor mir im Gras lag. Es war zwar nur ein Ei, aber sehr interessant. Zwar wei\u00df ich noch nicht um was f\u00fcr ein Ei es sich handelt, aber das kriege ich noch raus. Ein paar hundert Meter weiter entdeckte ich einen Fuchsbau. Die Spuren vom Fuchs waren deutlich zu erkennen.<br><br>Die Sonne geht so langsam unter und ich trete den Heimweg an. Ich lass bald wieder was von mir h\u00f6ren und sehen.<br><br>Also bis bald Euer Naturfreund Otto.<br><br>Texte und Bilder : Otto Paradies<\/p>\n<\/div><figure class=\"wp-block-media-text__media\"><img loading=\"lazy\" decoding=\"async\" width=\"370\" height=\"278\" src=\"https:\/\/heimatverein-elte.de\/wp-content\/uploads\/2025\/10\/schulte-elte_7-10065187.jpg\" alt=\"Gelege mit einem Ei\" class=\"wp-image-262 size-full\" srcset=\"https:\/\/heimatverein-elte.de\/wp-content\/uploads\/2025\/10\/schulte-elte_7-10065187.jpg 370w, https:\/\/heimatverein-elte.de\/wp-content\/uploads\/2025\/10\/schulte-elte_7-10065187-300x225.jpg 300w\" sizes=\"auto, (max-width: 370px) 100vw, 370px\" \/><\/figure><\/div>\n","protected":false},"excerpt":{"rendered":"<p>Hallo Naturfreunde! Ich bin wieder in den Naturgebieten in Elte auf Achse. Heute bin ich im Naturgebiet \u201eSchulte-Elte-Stra\u00dfe\u201c. Der Mai [&hellip;]<\/p>\n","protected":false},"author":1,"featured_media":0,"parent":0,"menu_order":0,"comment_status":"closed","ping_status":"closed","template":"","meta":{"site-sidebar-layout":"default","site-content-layout":"","ast-site-content-layout":"default","site-content-style":"default","site-sidebar-style":"default","ast-global-header-display":"","ast-banner-title-visibility":"","ast-main-header-display":"","ast-hfb-above-header-display":"","ast-hfb-below-header-display":"","ast-hfb-mobile-header-display":"","site-post-title":"","ast-breadcrumbs-content":"","ast-featured-img":"","footer-sml-layout":"","ast-disable-related-posts":"","theme-transparent-header-meta":"","adv-header-id-meta":"","stick-header-meta":"","header-above-stick-meta":"","header-main-stick-meta":"","header-below-stick-meta":"","astra-migrate-meta-layouts":"default","ast-page-background-enabled":"default","ast-page-background-meta":{"desktop":{"background-color":"var(--ast-global-color-5)","background-image":"","background-repeat":"repeat","background-position":"center center","background-size":"auto","background-attachment":"scroll","background-type":"","background-media":"","overlay-type":"","overlay-color":"","overlay-opacity":"","overlay-gradient":""},"tablet":{"background-color":"","background-image":"","background-repeat":"repeat","background-position":"center center","background-size":"auto","background-attachment":"scroll","background-type":"","background-media":"","overlay-type":"","overlay-color":"","overlay-opacity":"","overlay-gradient":""},"mobile":{"background-color":"","background-image":"","background-repeat":"repeat","background-position":"center center","background-size":"auto","background-attachment":"scroll","background-type":"","background-media":"","overlay-type":"","overlay-color":"","overlay-opacity":"","overlay-gradient":""}},"ast-content-background-meta":{"desktop":{"background-color":"var(--ast-global-color-4)","background-image":"","background-repeat":"repeat","background-position":"center center","background-size":"auto","background-attachment":"scroll","background-type":"","background-media":"","overlay-type":"","overlay-color":"","overlay-opacity":"","overlay-gradient":""},"tablet":{"background-color":"var(--ast-global-color-4)","background-image":"","background-repeat":"repeat","background-position":"center center","background-size":"auto","background-attachment":"scroll","background-type":"","background-media":"","overlay-type":"","overlay-color":"","overlay-opacity":"","overlay-gradient":""},"mobile":{"background-color":"var(--ast-global-color-4)","background-image":"","background-repeat":"repeat","background-position":"center center","background-size":"auto","background-attachment":"scroll","background-type":"","background-media":"","overlay-type":"","overlay-color":"","overlay-opacity":"","overlay-gradient":""}},"footnotes":""},"class_list":["post-127","page","type-page","status-publish","hentry"],"_links":{"self":[{"href":"https:\/\/heimatverein-elte.de\/index.php?rest_route=\/wp\/v2\/pages\/127","targetHints":{"allow":["GET"]}}],"collection":[{"href":"https:\/\/heimatverein-elte.de\/index.php?rest_route=\/wp\/v2\/pages"}],"about":[{"href":"https:\/\/heimatverein-elte.de\/index.php?rest_route=\/wp\/v2\/types\/page"}],"author":[{"embeddable":true,"href":"https:\/\/heimatverein-elte.de\/index.php?rest_route=\/wp\/v2\/users\/1"}],"replies":[{"embeddable":true,"href":"https:\/\/heimatverein-elte.de\/index.php?rest_route=%2Fwp%2Fv2%2Fcomments&post=127"}],"version-history":[{"count":3,"href":"https:\/\/heimatverein-elte.de\/index.php?rest_route=\/wp\/v2\/pages\/127\/revisions"}],"predecessor-version":[{"id":594,"href":"https:\/\/heimatverein-elte.de\/index.php?rest_route=\/wp\/v2\/pages\/127\/revisions\/594"}],"wp:attachment":[{"href":"https:\/\/heimatverein-elte.de\/index.php?rest_route=%2Fwp%2Fv2%2Fmedia&parent=127"}],"curies":[{"name":"wp","href":"https:\/\/api.w.org\/{rel}","templated":true}]}}