{"id":136,"date":"2025-10-24T14:44:41","date_gmt":"2025-10-24T12:44:41","guid":{"rendered":"https:\/\/heimatverein-elte.de\/?page_id=136"},"modified":"2026-02-14T17:28:31","modified_gmt":"2026-02-14T16:28:31","slug":"termine","status":"publish","type":"page","link":"https:\/\/heimatverein-elte.de\/?page_id=136","title":{"rendered":"Termine"},"content":{"rendered":"\n<h2 class=\"wp-block-heading\">Termine des Heimatverein Elte e.V.<\/h2>\n\n\n\n<h2 class=\"wp-block-heading\">Arbeitskreis Geschichte<\/h2>\n\n\n\n<p><strong>Treffen:<br><\/strong>Jeden 1. Montag im Monat um 19:00 Uhr im Dorfheimathaus<\/p>\n\n\n\n<p><strong>Ansprechpartner:<\/strong><br>Albert Wiesk\u00f6tter<br>Tel.: (0 59 75) 17 43<\/p>\n\n\n\n<h2 class=\"wp-block-heading\">Kartenspielen im Dorfheimathaus<\/h2>\n\n\n\n<p><strong>F\u00fcr alle Frauen:<\/strong><br>Jeden 1. und 3. Montag im Monat von 14:30 Uhr bis 17 Uhr Spielenachmittag (Oktober bis M\u00e4rz).<br>Alle Frauen sind herzlich eingeladen.<\/p>\n\n\n\n<p><strong>F\u00fcr alle Mitglieder\/-innen:<\/strong><br>Jeden Mittwoch 15 Uhr bis 18 Uhr Doppelkopfrunde&nbsp;<br>Jeden 2. Mittwoch im Monat (Oktober &#8211; M\u00e4rz) 19 Uhr bis 22 Uhr Doppelkopfrunde<\/p>\n\n\n\n<h2 class=\"wp-block-heading\">Veranstaltungskalender<\/h2>\n\n\n\n<p>Die geplanten Termine des Heimatvereins Elte<\/p>\n\n\n\n<figure class=\"wp-block-table\"><table class=\"has-fixed-layout\"><tbody><tr><td>wann<\/td><td>wie sp\u00e4t<\/td><td>was<\/td><td>wo<\/td><\/tr><tr><td>27.02.2026<\/td><td>19:00 Uhr<\/td><td>Doppelkopf-Tunier f\u00fcr Mitglieder<\/td><td>Dorfheimathaus<\/td><\/tr><tr><td>M\u00e4rz 2026<\/td><td>ab ca. 09:00 Uhr<\/td><td>Aktion &#8222;Sauberes Rheine \/ Elte&#8220;<\/td><td>Elte<\/td><\/tr><tr><td>28.03.2026<\/td><td>15:00 Uhr<\/td><td>Jahreshauptversammlung<br>(Einladungen folgen)<\/td><td>Gasthaus Eggert<\/td><\/tr><tr><td>April 2026<br>(genauer Termin folgt)<\/td><td>\u00a0noch nicht bekannt<\/td><td>Pizzabacken f\u00fcr Kinder<br>(Anmeldung erforderlich)<\/td><td>Dorfheimathaus<\/td><\/tr><tr><td>16.04.2026<\/td><td>19:00 Uhr<\/td><td>Tr\u00e4ller-Abend<\/td><td>Dorfheimathaus<\/td><\/tr><tr><td>30.04.2026<\/td><td>18:00 Uhr<\/td><td>Maibaum Aufstellen mit Grillen<\/td><td>Dorfheimathaus<\/td><\/tr><tr><td>09.05.2026<\/td><td>05:30 Uhr<\/td><td>vogel- und kr\u00e4uterkundliche Radwanderung<br>mit. anschl. Fr\u00fchst\u00fcck <br>(Anmeldung erforderlich)<\/td><td>Dorfheimathaus<\/td><\/tr><tr><td>30.05.2026<\/td><td>13:30 Uhr<\/td><td>Grenzstein-Fahrradtour<br>mit den Heimatvereinen Bevergern und Rodde<\/td><td>Dorfheimathaus<\/td><\/tr><tr><td>20.06.2026<\/td><td><\/td><td>Tagesausflug mit dem Bus<br>(Ziel und Dauer wird noch bekannt gegeben)<br>(Anmeldung erforderlich)<\/td><td>Dorfheimathaus<\/td><\/tr><tr><td>03.07.2026<\/td><td>19:45 Uhr<\/td><td>Gin-Tasting<br>(Anmeldung erforderlich)<\/td><td>Dorfheimathaus<\/td><\/tr><tr><td>22.08.2026<\/td><td>14:00 Uhr<\/td><td>Fahrrad-Tour Heimatverein Elte mit anschl. Grillen <\/td><td>Dorfheimathaus<\/td><\/tr><tr><td>13.09.2026<\/td><td>17:00 Uhr<\/td><td>Telgter Wallfahrt<br>Empfang der Pilger am Dorfheimathaus<\/td><td>Dorfheimathaus<\/td><\/tr><tr><td>13.09.2026<\/td><td><\/td><td>Backtag am Heimathaus <br>(Infos folgen)<\/td><td>Dorfheimathaus<\/td><\/tr><tr><td>01.10.2026<\/td><td>19:00 Uhr<\/td><td>Tr\u00e4ller-Abend<\/td><td>Dorfheimathaus<\/td><\/tr><tr><td>08.10.2026<\/td><td>15:00 Uhr<\/td><td>Kaffeetafel f\u00fcr die<br>Geburtstags-Jubilare<br>(Einladungen erfolgen)<\/td><td>Dorfheimathaus<\/td><\/tr><tr><td>13.11.2026<\/td><td>19:30 Uhr<\/td><td>Feuerzangenbowle <br>(Anmeldung erforderlich)<\/td><td>Dorfheimathaus<\/td><\/tr><tr><td>14.11.2026<\/td><td>17:45 Uhr<\/td><td>Kranzniederlegung zum Volkstrauertag<\/td><td>Ehrenmal Elte<\/td><\/tr><tr><td>28.11.2026<\/td><td>17:00 Uhr<\/td><td>Weihnachtsbaum aufstellen und schm\u00fccken<\/td><td>Dorfheimathaus<\/td><\/tr><tr><td>05.12.2026<\/td><td><\/td><td>Fahrt zum Weihnachtsmarkt<br>(Anmeldung erforderlich)<\/td><td>Dorfheimathaus<\/td><\/tr><\/tbody><\/table><\/figure>\n\n\n\n<p>Stand: 14.02.2026<\/p>\n\n\n\n<h2 class=\"wp-block-heading\">Hinweise<\/h2>\n\n\n\n<p><em>Alle Angaben ohne Gew\u00e4hr. \u00c4nderungen vorbehalten.<\/em><\/p>\n\n\n\n<p><strong>Erforderliche Anmeldungen bei:<\/strong><\/p>\n\n\n\n<p><strong>Albert Wiesk\u00f6tter (0 59 75) 17 43 oder<br>Helmut Lakemeier (0 59 73) 28 29<\/strong><\/p>\n","protected":false},"excerpt":{"rendered":"<p>Termine des Heimatverein Elte e.V. Arbeitskreis Geschichte Treffen:Jeden 1. Montag im Monat um 19:00 Uhr im Dorfheimathaus Ansprechpartner:Albert Wiesk\u00f6tterTel.: (0 [&hellip;]<\/p>\n","protected":false},"author":1,"featured_media":0,"parent":0,"menu_order":0,"comment_status":"closed","ping_status":"closed","template":"","meta":{"site-sidebar-layout":"default","site-content-layout":"","ast-site-content-layout":"default","site-content-style":"default","site-sidebar-style":"default","ast-global-header-display":"","ast-banner-title-visibility":"","ast-main-header-display":"","ast-hfb-above-header-display":"","ast-hfb-below-header-display":"","ast-hfb-mobile-header-display":"","site-post-title":"","ast-breadcrumbs-content":"","ast-featured-img":"","footer-sml-layout":"","ast-disable-related-posts":"","theme-transparent-header-meta":"","adv-header-id-meta":"","stick-header-meta":"","header-above-stick-meta":"","header-main-stick-meta":"","header-below-stick-meta":"","astra-migrate-meta-layouts":"default","ast-page-background-enabled":"default","ast-page-background-meta":{"desktop":{"background-color":"var(--ast-global-color-5)","background-image":"","background-repeat":"repeat","background-position":"center center","background-size":"auto","background-attachment":"scroll","background-type":"","background-media":"","overlay-type":"","overlay-color":"","overlay-opacity":"","overlay-gradient":""},"tablet":{"background-color":"","background-image":"","background-repeat":"repeat","background-position":"center center","background-size":"auto","background-attachment":"scroll","background-type":"","background-media":"","overlay-type":"","overlay-color":"","overlay-opacity":"","overlay-gradient":""},"mobile":{"background-color":"","background-image":"","background-repeat":"repeat","background-position":"center center","background-size":"auto","background-attachment":"scroll","background-type":"","background-media":"","overlay-type":"","overlay-color":"","overlay-opacity":"","overlay-gradient":""}},"ast-content-background-meta":{"desktop":{"background-color":"var(--ast-global-color-4)","background-image":"","background-repeat":"repeat","background-position":"center center","background-size":"auto","background-attachment":"scroll","background-type":"","background-media":"","overlay-type":"","overlay-color":"","overlay-opacity":"","overlay-gradient":""},"tablet":{"background-color":"var(--ast-global-color-4)","background-image":"","background-repeat":"repeat","background-position":"center center","background-size":"auto","background-attachment":"scroll","background-type":"","background-media":"","overlay-type":"","overlay-color":"","overlay-opacity":"","overlay-gradient":""},"mobile":{"background-color":"var(--ast-global-color-4)","background-image":"","background-repeat":"repeat","background-position":"center center","background-size":"auto","background-attachment":"scroll","background-type":"","background-media":"","overlay-type":"","overlay-color":"","overlay-opacity":"","overlay-gradient":""}},"footnotes":""},"class_list":["post-136","page","type-page","status-publish","hentry"],"_links":{"self":[{"href":"https:\/\/heimatverein-elte.de\/index.php?rest_route=\/wp\/v2\/pages\/136","targetHints":{"allow":["GET"]}}],"collection":[{"href":"https:\/\/heimatverein-elte.de\/index.php?rest_route=\/wp\/v2\/pages"}],"about":[{"href":"https:\/\/heimatverein-elte.de\/index.php?rest_route=\/wp\/v2\/types\/page"}],"author":[{"embeddable":true,"href":"https:\/\/heimatverein-elte.de\/index.php?rest_route=\/wp\/v2\/users\/1"}],"replies":[{"embeddable":true,"href":"https:\/\/heimatverein-elte.de\/index.php?rest_route=%2Fwp%2Fv2%2Fcomments&post=136"}],"version-history":[{"count":6,"href":"https:\/\/heimatverein-elte.de\/index.php?rest_route=\/wp\/v2\/pages\/136\/revisions"}],"predecessor-version":[{"id":657,"href":"https:\/\/heimatverein-elte.de\/index.php?rest_route=\/wp\/v2\/pages\/136\/revisions\/657"}],"wp:attachment":[{"href":"https:\/\/heimatverein-elte.de\/index.php?rest_route=%2Fwp%2Fv2%2Fmedia&parent=136"}],"curies":[{"name":"wp","href":"https:\/\/api.w.org\/{rel}","templated":true}]}}