{"id":29,"date":"2025-10-24T13:40:01","date_gmt":"2025-10-24T11:40:01","guid":{"rendered":"https:\/\/heimatverein-elte.de\/?page_id=29"},"modified":"2025-10-24T13:40:01","modified_gmt":"2025-10-24T11:40:01","slug":"wir-ueber-uns","status":"publish","type":"page","link":"https:\/\/heimatverein-elte.de\/?page_id=29","title":{"rendered":"Wir \u00fcber uns"},"content":{"rendered":"\n<h2 class=\"wp-block-heading\">Der Heimatverein Elte e.V.<\/h2>\n\n\n\n<p>Der <strong>Heimatverein Elte e.V.<\/strong> wurde am 12. April 1973 von Elter Heimatfreunden ins Leben gerufen. Damals war Elte mit seinen ca 1300 Einwohnern noch eine selbst\u00e4ndige politische Gemeinde im Amt Rheine. Am 1. Januar 1975 wurde Elte mit anderen umliegenden Gemeinden in die Stadt Rheine eingegliedert.<\/p>\n\n\n\n<p>Von seiner geschichtlichen Entwicklung her ist Elte ein von der Landwirtschaft gepr\u00e4gtes Dorf. Aufgrund seiner geografischen Lage &#8211; 8 KM entfernt vom Zentrum der Stadt Rheine &#8211; hat Elte heute noch den Charakter eines l\u00e4ndlichen Ortes zwischen Emsaue und D\u00fcnenlandschaft, amtlich Rheine-Elte genannt, ein Stadtteil unter vielen. F\u00fcr die B\u00fcrgerinnen und B\u00fcrger von Elte hei\u00dft es noch liebevoll &#8222;unser Dorf&#8220;.<\/p>\n\n\n\n<p>Der <strong>Heimatverein Elte e.V.<\/strong> sorgt sich um die weitere Entwicklung des Dorfes, um die Erhaltung d\u00f6rflicher Merkmale und d\u00f6rflicher Kultur. Zu den vornehmlichen Aufgaben geh\u00f6ren Schutz und Pflege der Landschaft und Natur, Denkmalspflege, Pflege und F\u00f6rderung des Geschichtsbewusstseins (Aufarbeitung der Ortsgeschichte), Pflege des Brauchtums und vor allem der heimischen plattdeutschen Sprache.<\/p>\n\n\n\n<p>Bald nach Gr\u00fcndung des Vereins kam der Wunsch auf, f\u00fcr die vielf\u00e4ltigen Aufgaben und Begegnungen ein eigenes Heimathaus zu haben. Da sich zu dieser Zeit kein geeignetes Geb\u00e4ude in g\u00fcnstiger Lage anbot, suchte man nach einem Fachwerkhaus, das man transloszieren k\u00f6nne. Und man fand sehr bald auf dem Hof Willer-Essmann, in der Elter Bauernschaft Heine gelegen, ein Heuerhaus aus dem 18. Jahrhundert, bauf\u00e4llig, zuletzt als Wagen und Ger\u00e4teschuppen genutzt. Und man fand auch ein geeignetes Grundst\u00fcck auf Trieckels K\u00e4mpken, zum Hermannsweg, gegen\u00fcber dem Dorfplatz. Ebenfalls fanden die Heimatfreunde in Heine auf dem Hof Lampe ein erhaltensw\u00fcrdiges Backhaus, das zum Abbruch und Wiederaufbau freigegeben wurde. Beide Geb\u00e4ude wurden fachgerecht in Eigenleistung des Vereins und mit fachlicher und finanzieller Unterst\u00fctzung der Stadt Rheine abgetragen und an o.g. Stelle an der Stra\u00dfe Zum Hermannsweg in einem sch\u00f6nen Ambiente mit Bauerngarten und Immenschuer errichtet. Sie wurden unter Denkmalschutz gestellt.<\/p>\n\n\n\n<p><br>Heute werden die Geb\u00e4ude vielf\u00e4ltig genutzt. Es treffen sich dort Elter Vereine und Gruppen. Es finden im kleinen Rahmen Ausstellungen, Konzerte, Liederabende, Vortr\u00e4ge und \u00dcbungsabende statt. Beliebt sind die monatlichen K\u00fceraobende, an denen die plattdeutsche Sprache gepflegt und die Ortsgeschichte erinnert wird.<br>Der Heimatverein erstellt halbj\u00e4hrlich ein Veranstaltungsprogramm, das f\u00fcr Mitglieder des Verein und interessierte Mitb\u00fcrgerInnen angeboten wird. Winterwanderungen, das Dorfheimatfest Ende Juni und das Kartoffelfest Ende September sind u.a. immer wiederkehrende Veranstaltungen. (Hier wird auf den jeweils aktuellen Veranstaltungskalender verwiesen.)<\/p>\n\n\n\n<p>Der <strong>Heimatverein Elte e.V.<\/strong> hat zur Zeit \u00fcber 330 Mitglieder. Das sind dreihundert Heimatfreunde, die durch ihre Mitgliedschaft und durch die Teilnahme an den Veranstaltungen die Idee der Heimatpflege in seinen vielf\u00e4ltigen Formen st\u00fctzen. Der Heimatverein Elte sieht noch viele Aufgaben vor sich, die noch nicht erledigt sind oder sich neu aufdr\u00e4ngen. Man denkt an ein Heimatmuseum, an Vorbereitungen von Jubil\u00e4en, an die Aufarbeitung der Ortsgeschichte u.a&#8230; Um alle diese Aufgaben im Interesse des Dorfes Elte tun zu k\u00f6nnen, wird der Heimatverein Elte um die Mitarbeit Jugendlicher und junger Erwachsener.<br><br>Das Motto k\u00f6nnte lauten: Blick zur\u00fcck nach vorn!<\/p>\n","protected":false},"excerpt":{"rendered":"<p>Der Heimatverein Elte e.V. Der Heimatverein Elte e.V. wurde am 12. April 1973 von Elter Heimatfreunden ins Leben gerufen. Damals [&hellip;]<\/p>\n","protected":false},"author":1,"featured_media":0,"parent":0,"menu_order":0,"comment_status":"closed","ping_status":"closed","template":"","meta":{"site-sidebar-layout":"default","site-content-layout":"","ast-site-content-layout":"default","site-content-style":"default","site-sidebar-style":"default","ast-global-header-display":"","ast-banner-title-visibility":"","ast-main-header-display":"","ast-hfb-above-header-display":"","ast-hfb-below-header-display":"","ast-hfb-mobile-header-display":"","site-post-title":"","ast-breadcrumbs-content":"","ast-featured-img":"","footer-sml-layout":"","ast-disable-related-posts":"","theme-transparent-header-meta":"","adv-header-id-meta":"","stick-header-meta":"","header-above-stick-meta":"","header-main-stick-meta":"","header-below-stick-meta":"","astra-migrate-meta-layouts":"default","ast-page-background-enabled":"default","ast-page-background-meta":{"desktop":{"background-color":"var(--ast-global-color-5)","background-image":"","background-repeat":"repeat","background-position":"center center","background-size":"auto","background-attachment":"scroll","background-type":"","background-media":"","overlay-type":"","overlay-color":"","overlay-opacity":"","overlay-gradient":""},"tablet":{"background-color":"","background-image":"","background-repeat":"repeat","background-position":"center center","background-size":"auto","background-attachment":"scroll","background-type":"","background-media":"","overlay-type":"","overlay-color":"","overlay-opacity":"","overlay-gradient":""},"mobile":{"background-color":"","background-image":"","background-repeat":"repeat","background-position":"center center","background-size":"auto","background-attachment":"scroll","background-type":"","background-media":"","overlay-type":"","overlay-color":"","overlay-opacity":"","overlay-gradient":""}},"ast-content-background-meta":{"desktop":{"background-color":"var(--ast-global-color-4)","background-image":"","background-repeat":"repeat","background-position":"center center","background-size":"auto","background-attachment":"scroll","background-type":"","background-media":"","overlay-type":"","overlay-color":"","overlay-opacity":"","overlay-gradient":""},"tablet":{"background-color":"var(--ast-global-color-4)","background-image":"","background-repeat":"repeat","background-position":"center center","background-size":"auto","background-attachment":"scroll","background-type":"","background-media":"","overlay-type":"","overlay-color":"","overlay-opacity":"","overlay-gradient":""},"mobile":{"background-color":"var(--ast-global-color-4)","background-image":"","background-repeat":"repeat","background-position":"center center","background-size":"auto","background-attachment":"scroll","background-type":"","background-media":"","overlay-type":"","overlay-color":"","overlay-opacity":"","overlay-gradient":""}},"footnotes":""},"class_list":["post-29","page","type-page","status-publish","hentry"],"_links":{"self":[{"href":"https:\/\/heimatverein-elte.de\/index.php?rest_route=\/wp\/v2\/pages\/29","targetHints":{"allow":["GET"]}}],"collection":[{"href":"https:\/\/heimatverein-elte.de\/index.php?rest_route=\/wp\/v2\/pages"}],"about":[{"href":"https:\/\/heimatverein-elte.de\/index.php?rest_route=\/wp\/v2\/types\/page"}],"author":[{"embeddable":true,"href":"https:\/\/heimatverein-elte.de\/index.php?rest_route=\/wp\/v2\/users\/1"}],"replies":[{"embeddable":true,"href":"https:\/\/heimatverein-elte.de\/index.php?rest_route=%2Fwp%2Fv2%2Fcomments&post=29"}],"version-history":[{"count":1,"href":"https:\/\/heimatverein-elte.de\/index.php?rest_route=\/wp\/v2\/pages\/29\/revisions"}],"predecessor-version":[{"id":30,"href":"https:\/\/heimatverein-elte.de\/index.php?rest_route=\/wp\/v2\/pages\/29\/revisions\/30"}],"wp:attachment":[{"href":"https:\/\/heimatverein-elte.de\/index.php?rest_route=%2Fwp%2Fv2%2Fmedia&parent=29"}],"curies":[{"name":"wp","href":"https:\/\/api.w.org\/{rel}","templated":true}]}}