{"id":305,"date":"2025-10-27T11:40:51","date_gmt":"2025-10-27T10:40:51","guid":{"rendered":"https:\/\/heimatverein-elte.de\/?page_id=305"},"modified":"2025-10-30T12:31:11","modified_gmt":"2025-10-30T11:31:11","slug":"in-elte-geboren","status":"publish","type":"page","link":"https:\/\/heimatverein-elte.de\/?page_id=305","title":{"rendered":"In Elte geboren"},"content":{"rendered":"\n<h2 class=\"wp-block-heading\">Josef Pieper 1904 in Elte geboren<\/h2>\n\n\n\n<div class=\"wp-block-media-text has-media-on-the-right is-stacked-on-mobile\" style=\"grid-template-columns:auto 30%\"><div class=\"wp-block-media-text__content\">\n<p>Wohl der bekannteste Sohn Eltes, der ber\u00fchmte und vielfach geehrte Philosoph und Hochschullehrer Josef Pieper ist das Thema dieses Men\u00fcpunktes. Seit 2003 besch\u00e4ftigt sich ein Arbeitskreis des Heimatvereines Elte stetig mit der Aufarbeitung des Lebens und der Werke Josef Piepers. Der Besucher unseres Heimathauses erblickt beim Betreten sogleich ein fast lebensgro\u00dfes Bild des Philosophen. Direkt daneben beherbergt eine alte Standuhr viele B\u00fccher Piepers, die den Besucher gleichzeitig zum lesen seiner Werke in dieser heimatlichen Atmosph\u00e4re einladen. Der Arbeitskreis Pieper des Heimatverein Elte w\u00fcnscht Ihnen viel Spa\u00df beim lesen unseres Internetangebotes, das sich haupts\u00e4chlich am Lebenswerk des aus Elte stammenden Philosophen orientiert.<br><br>Josef Pieper wurde am 04. Mai 1904 in dem m\u00fcnsterl\u00e4ndischen Dorf Elte geboren. Er studierte an den Universit\u00e4ten Berlin und M\u00fcnster Philosophie, Rechtswissenschaft und Soziologie. Nach T\u00e4tigkeiten als Soziologe und freier Schriftsteller wurde er ordentlicher Professor f\u00fcr philosophische Anthropologie an der Universit\u00e4t M\u00fcnster, wo er als Emeritus lehrte. Mehrfach wurde er durch Ehrenpromotionen und durch internationale Preise von hohem Rang aus gezeichnet.<br>Josef Pieper hat in 60 Jahren sch\u00f6pferischer Arbeit als Philosoph und Schriftsteller den Menschen unserer Zeit die Weisheitstradition des Abendlandes einpr\u00e4gsam vermittelt und in sprachlicher Pr\u00e4gnanz aufgezeigt, dass die bleibende Aktualt\u00e4t besitzt.<br><br>Am 06. November 1997 starb er in seinem Wohnhaus in M\u00fcnster.<\/p>\n<\/div><figure class=\"wp-block-media-text__media\"><img loading=\"lazy\" decoding=\"async\" width=\"248\" height=\"350\" src=\"https:\/\/heimatverein-elte.de\/wp-content\/uploads\/2025\/10\/portrait_pieper-62f8c119.jpg\" alt=\"Portraitfoto von Josef Pieper\" class=\"wp-image-186 size-full\" srcset=\"https:\/\/heimatverein-elte.de\/wp-content\/uploads\/2025\/10\/portrait_pieper-62f8c119.jpg 248w, https:\/\/heimatverein-elte.de\/wp-content\/uploads\/2025\/10\/portrait_pieper-62f8c119-213x300.jpg 213w\" sizes=\"auto, (max-width: 248px) 100vw, 248px\" \/><\/figure><\/div>\n","protected":false},"excerpt":{"rendered":"<p>Josef Pieper 1904 in Elte geboren Wohl der bekannteste Sohn Eltes, der ber\u00fchmte und vielfach geehrte Philosoph und Hochschullehrer Josef [&hellip;]<\/p>\n","protected":false},"author":1,"featured_media":0,"parent":0,"menu_order":0,"comment_status":"closed","ping_status":"closed","template":"","meta":{"site-sidebar-layout":"default","site-content-layout":"","ast-site-content-layout":"default","site-content-style":"default","site-sidebar-style":"default","ast-global-header-display":"","ast-banner-title-visibility":"","ast-main-header-display":"","ast-hfb-above-header-display":"","ast-hfb-below-header-display":"","ast-hfb-mobile-header-display":"","site-post-title":"","ast-breadcrumbs-content":"","ast-featured-img":"","footer-sml-layout":"","ast-disable-related-posts":"","theme-transparent-header-meta":"","adv-header-id-meta":"","stick-header-meta":"","header-above-stick-meta":"","header-main-stick-meta":"","header-below-stick-meta":"","astra-migrate-meta-layouts":"default","ast-page-background-enabled":"default","ast-page-background-meta":{"desktop":{"background-color":"var(--ast-global-color-5)","background-image":"","background-repeat":"repeat","background-position":"center center","background-size":"auto","background-attachment":"scroll","background-type":"","background-media":"","overlay-type":"","overlay-color":"","overlay-opacity":"","overlay-gradient":""},"tablet":{"background-color":"","background-image":"","background-repeat":"repeat","background-position":"center center","background-size":"auto","background-attachment":"scroll","background-type":"","background-media":"","overlay-type":"","overlay-color":"","overlay-opacity":"","overlay-gradient":""},"mobile":{"background-color":"","background-image":"","background-repeat":"repeat","background-position":"center center","background-size":"auto","background-attachment":"scroll","background-type":"","background-media":"","overlay-type":"","overlay-color":"","overlay-opacity":"","overlay-gradient":""}},"ast-content-background-meta":{"desktop":{"background-color":"var(--ast-global-color-4)","background-image":"","background-repeat":"repeat","background-position":"center center","background-size":"auto","background-attachment":"scroll","background-type":"","background-media":"","overlay-type":"","overlay-color":"","overlay-opacity":"","overlay-gradient":""},"tablet":{"background-color":"var(--ast-global-color-4)","background-image":"","background-repeat":"repeat","background-position":"center center","background-size":"auto","background-attachment":"scroll","background-type":"","background-media":"","overlay-type":"","overlay-color":"","overlay-opacity":"","overlay-gradient":""},"mobile":{"background-color":"var(--ast-global-color-4)","background-image":"","background-repeat":"repeat","background-position":"center center","background-size":"auto","background-attachment":"scroll","background-type":"","background-media":"","overlay-type":"","overlay-color":"","overlay-opacity":"","overlay-gradient":""}},"footnotes":""},"class_list":["post-305","page","type-page","status-publish","hentry"],"_links":{"self":[{"href":"https:\/\/heimatverein-elte.de\/index.php?rest_route=\/wp\/v2\/pages\/305","targetHints":{"allow":["GET"]}}],"collection":[{"href":"https:\/\/heimatverein-elte.de\/index.php?rest_route=\/wp\/v2\/pages"}],"about":[{"href":"https:\/\/heimatverein-elte.de\/index.php?rest_route=\/wp\/v2\/types\/page"}],"author":[{"embeddable":true,"href":"https:\/\/heimatverein-elte.de\/index.php?rest_route=\/wp\/v2\/users\/1"}],"replies":[{"embeddable":true,"href":"https:\/\/heimatverein-elte.de\/index.php?rest_route=%2Fwp%2Fv2%2Fcomments&post=305"}],"version-history":[{"count":6,"href":"https:\/\/heimatverein-elte.de\/index.php?rest_route=\/wp\/v2\/pages\/305\/revisions"}],"predecessor-version":[{"id":541,"href":"https:\/\/heimatverein-elte.de\/index.php?rest_route=\/wp\/v2\/pages\/305\/revisions\/541"}],"wp:attachment":[{"href":"https:\/\/heimatverein-elte.de\/index.php?rest_route=%2Fwp%2Fv2%2Fmedia&parent=305"}],"curies":[{"name":"wp","href":"https:\/\/api.w.org\/{rel}","templated":true}]}}