{"id":317,"date":"2025-10-27T11:55:17","date_gmt":"2025-10-27T10:55:17","guid":{"rendered":"https:\/\/heimatverein-elte.de\/?page_id=317"},"modified":"2025-10-30T12:31:54","modified_gmt":"2025-10-30T11:31:54","slug":"piepers-eltern","status":"publish","type":"page","link":"https:\/\/heimatverein-elte.de\/?page_id=317","title":{"rendered":"Piepers Eltern"},"content":{"rendered":"\n<p><em>aus \u201eRheine Gestern Heute Morgen\u201c Nr. 1\/91<\/em><br><em>von Werner Overesch<\/em><\/p>\n\n\n\n<p>Begegnet man Professor Pieper, sei es in M\u00fcnster, sei es in Elte oder auch in seinen Vorlesungen irgendwo in der Welt, die stets gro\u00dfen Zuspruch gerade bei den jugendlichen H\u00f6rern haben, so begegnet man einem Philosophen, der auch so aussieht wie ein Philosoph: wei\u00dfhaarig, gebildet, nobel, geistreich, lebensnah, w\u00fcrdig und, auch das ist bemerkenswert, m\u00e4chtig der plattdeutschen Sprache.<\/p>\n\n\n\n<figure class=\"wp-block-image aligncenter size-full\"><img loading=\"lazy\" decoding=\"async\" width=\"516\" height=\"234\" src=\"https:\/\/heimatverein-elte.de\/wp-content\/uploads\/2025\/10\/elte_kirche_lehrerhaus_historisch-57fc7299.jpg\" alt=\"Elte Kirche und altes Lehrerhaus\" class=\"wp-image-183\" srcset=\"https:\/\/heimatverein-elte.de\/wp-content\/uploads\/2025\/10\/elte_kirche_lehrerhaus_historisch-57fc7299.jpg 516w, https:\/\/heimatverein-elte.de\/wp-content\/uploads\/2025\/10\/elte_kirche_lehrerhaus_historisch-57fc7299-300x136.jpg 300w\" sizes=\"auto, (max-width: 516px) 100vw, 516px\" \/><\/figure>\n\n\n\n<p>Das Dorf Elte ist sein Geburtsort, hier erlebte er Kindheit und Heimat und wenn Heimat eines des elementarsten Grunderlebnisse der Menschheit ist, wurde es ihm im Dorf gepr\u00e4gt. Geboren wurde er am 04. Mai 1904 im alten Lehrerhaus gegen\u00fcber der Dorfkirche, scheinbar zuf\u00e4llig und doch nicht grundlos. Sein Vater war Lehrer<br>an der Dorfschule in Elte:<\/p>\n\n\n\n<div class=\"wp-block-media-text is-stacked-on-mobile\" style=\"grid-template-columns:30% auto\"><figure class=\"wp-block-media-text__media\"><img loading=\"lazy\" decoding=\"async\" width=\"246\" height=\"181\" src=\"https:\/\/heimatverein-elte.de\/wp-content\/uploads\/2025\/10\/eltern.jpg\" alt=\"Auguste und Heinrich Pieper\" class=\"wp-image-184 size-full\"\/><\/figure><div class=\"wp-block-media-text__content\">\n<p>\u201eIm vorletzten Jahr des vergangenen Jahrhunderts, es war genauer gesagt Ende Februar 1899, setzt nach einer umst\u00e4ndlichen Eisenbahnfahrt ein junger Lehrer, drei bis vier Wochen zuvor gro\u00dfj\u00e4hrig geworden, zu guter Letzt mit dem F\u00e4hrboot \u00fcber die Ems und gelangte so in das m\u00fcnsterl\u00e4ndische Dorf Elte, um dort seine erste Stelle anzutreten. Er kam frisch vom Lehrerseminar in B\u00fcren. Sein Reisegep\u00e4ck machte ihm nicht allzu sehr zu schaffen. Mehr als einen Anzug und etwas W\u00e4sche hatte er gewiss nicht im Koffer, wahrscheinlich aber die 13 B\u00e4nde der um 1820 bedruckten Schiller-Ausgabe, die heute auf meinem B\u00fccherbord stehen. Dagegen bin ich durchaus nicht sicher, ob er wohl einen Mantel besa\u00df. Vermutlich ist er schon Tage nach der Ankunft dem M\u00e4dchen begegnet, das wenige Jahre sp\u00e4ter seine Frau und meine Mutter werden sollte. Diese eben der Schule entwachsene, spr\u00f6de Dorfsch\u00f6ne zwischen 14 und 15 h\u00e4tte er wohl \u00fcberhaupt nicht leicht \u00fcbersehen k\u00f6nnen; aber nun war sie zuf\u00e4llig die Tochter jener Witwe, in deren Gasthof der neue Lehrer regelm\u00e4\u00dfig eine Mahlzeit nahm.\u201c<\/p>\n<\/div><\/div>\n\n\n\n<div class=\"wp-block-media-text is-stacked-on-mobile\" style=\"grid-template-columns:30% auto\"><figure class=\"wp-block-media-text__media\"><img loading=\"lazy\" decoding=\"async\" width=\"351\" height=\"215\" src=\"https:\/\/heimatverein-elte.de\/wp-content\/uploads\/2025\/10\/Philosoph-04987c65.jpg\" alt=\"Josef Pieper am Schreibtisch\" class=\"wp-image-185 size-full\" srcset=\"https:\/\/heimatverein-elte.de\/wp-content\/uploads\/2025\/10\/Philosoph-04987c65.jpg 351w, https:\/\/heimatverein-elte.de\/wp-content\/uploads\/2025\/10\/Philosoph-04987c65-300x184.jpg 300w\" sizes=\"auto, (max-width: 351px) 100vw, 351px\" \/><\/figure><div class=\"wp-block-media-text__content\">\n<p>So Pieper \u00fcber die Anf\u00e4nge der Familie Pieper im Dorf Elte in seinen Lebenserinnerungen.<br>Junglehrer Heinrich Pieper \u00fcbernahm alleinverantwortlich die Schule in Elte und die bis dahin bescheiden dahind\u00e4mmernde Schulwelt Eltes wurde entscheidend aufgehellt. Es ging bergauf mit der Schule in Elte. Der Chronist sagt hierzu anl\u00e4sslich der Verabschiedung des in Elte hochgeachteten P\u00e4dagogen, den eine Berufung in die Provinzhauptstadt M\u00fcnster erreicht hatte:<br><br>\u201eLehrer Heinrich Pieper hat sich in einer 13j\u00e4hrigen Wirksamkeit um die Schule und als popul\u00e4rer Mann des Volkes auch um die Gemeinde Elte gro\u00dfe Verdienst erworben. Er hat der Schule wieder ein Gesicht gegeben.\u201c<br><br>Die Familie Heinrich Pieper zog um nach M\u00fcnster und damit endete auch eine 8j\u00e4hrige \u201eKindheit auf dem Dorfe\u201c von Josef Pieper.<\/p>\n<\/div><\/div>\n","protected":false},"excerpt":{"rendered":"<p>aus \u201eRheine Gestern Heute Morgen\u201c Nr. 1\/91von Werner Overesch Begegnet man Professor Pieper, sei es in M\u00fcnster, sei es in [&hellip;]<\/p>\n","protected":false},"author":1,"featured_media":0,"parent":0,"menu_order":0,"comment_status":"closed","ping_status":"closed","template":"","meta":{"site-sidebar-layout":"default","site-content-layout":"","ast-site-content-layout":"default","site-content-style":"default","site-sidebar-style":"default","ast-global-header-display":"","ast-banner-title-visibility":"","ast-main-header-display":"","ast-hfb-above-header-display":"","ast-hfb-below-header-display":"","ast-hfb-mobile-header-display":"","site-post-title":"","ast-breadcrumbs-content":"","ast-featured-img":"","footer-sml-layout":"","ast-disable-related-posts":"","theme-transparent-header-meta":"","adv-header-id-meta":"","stick-header-meta":"","header-above-stick-meta":"","header-main-stick-meta":"","header-below-stick-meta":"","astra-migrate-meta-layouts":"default","ast-page-background-enabled":"default","ast-page-background-meta":{"desktop":{"background-color":"var(--ast-global-color-5)","background-image":"","background-repeat":"repeat","background-position":"center center","background-size":"auto","background-attachment":"scroll","background-type":"","background-media":"","overlay-type":"","overlay-color":"","overlay-opacity":"","overlay-gradient":""},"tablet":{"background-color":"","background-image":"","background-repeat":"repeat","background-position":"center center","background-size":"auto","background-attachment":"scroll","background-type":"","background-media":"","overlay-type":"","overlay-color":"","overlay-opacity":"","overlay-gradient":""},"mobile":{"background-color":"","background-image":"","background-repeat":"repeat","background-position":"center center","background-size":"auto","background-attachment":"scroll","background-type":"","background-media":"","overlay-type":"","overlay-color":"","overlay-opacity":"","overlay-gradient":""}},"ast-content-background-meta":{"desktop":{"background-color":"var(--ast-global-color-4)","background-image":"","background-repeat":"repeat","background-position":"center center","background-size":"auto","background-attachment":"scroll","background-type":"","background-media":"","overlay-type":"","overlay-color":"","overlay-opacity":"","overlay-gradient":""},"tablet":{"background-color":"var(--ast-global-color-4)","background-image":"","background-repeat":"repeat","background-position":"center center","background-size":"auto","background-attachment":"scroll","background-type":"","background-media":"","overlay-type":"","overlay-color":"","overlay-opacity":"","overlay-gradient":""},"mobile":{"background-color":"var(--ast-global-color-4)","background-image":"","background-repeat":"repeat","background-position":"center center","background-size":"auto","background-attachment":"scroll","background-type":"","background-media":"","overlay-type":"","overlay-color":"","overlay-opacity":"","overlay-gradient":""}},"footnotes":""},"class_list":["post-317","page","type-page","status-publish","hentry"],"_links":{"self":[{"href":"https:\/\/heimatverein-elte.de\/index.php?rest_route=\/wp\/v2\/pages\/317","targetHints":{"allow":["GET"]}}],"collection":[{"href":"https:\/\/heimatverein-elte.de\/index.php?rest_route=\/wp\/v2\/pages"}],"about":[{"href":"https:\/\/heimatverein-elte.de\/index.php?rest_route=\/wp\/v2\/types\/page"}],"author":[{"embeddable":true,"href":"https:\/\/heimatverein-elte.de\/index.php?rest_route=\/wp\/v2\/users\/1"}],"replies":[{"embeddable":true,"href":"https:\/\/heimatverein-elte.de\/index.php?rest_route=%2Fwp%2Fv2%2Fcomments&post=317"}],"version-history":[{"count":3,"href":"https:\/\/heimatverein-elte.de\/index.php?rest_route=\/wp\/v2\/pages\/317\/revisions"}],"predecessor-version":[{"id":542,"href":"https:\/\/heimatverein-elte.de\/index.php?rest_route=\/wp\/v2\/pages\/317\/revisions\/542"}],"wp:attachment":[{"href":"https:\/\/heimatverein-elte.de\/index.php?rest_route=%2Fwp%2Fv2%2Fmedia&parent=317"}],"curies":[{"name":"wp","href":"https:\/\/api.w.org\/{rel}","templated":true}]}}