{"id":319,"date":"2025-10-27T11:55:35","date_gmt":"2025-10-27T10:55:35","guid":{"rendered":"https:\/\/heimatverein-elte.de\/?page_id=319"},"modified":"2025-10-30T12:40:02","modified_gmt":"2025-10-30T11:40:02","slug":"kinderzeit-in-elte","status":"publish","type":"page","link":"https:\/\/heimatverein-elte.de\/?page_id=319","title":{"rendered":"Kinderzeit in Elte"},"content":{"rendered":"\n<h2 class=\"wp-block-heading\"><strong>Am sch\u00f6nsten lassen sich Piepers Kinderjahre in seinen eigenen Worten darstellen.<\/strong><\/h2>\n\n\n\n<div class=\"wp-block-media-text has-media-on-the-right is-stacked-on-mobile\" style=\"grid-template-columns:auto 30%\"><div class=\"wp-block-media-text__content\">\n<p>\u201eAus eben diesen Gr\u00fcnden, vielleicht auch trotz alldem, gedieh um uns hier eine zwar nicht heile, beileibe nicht, aber doch eine auf besondere Weise vollst\u00e4ndige, eine sichtbarlich komplette Welt. Nicht beschrien vom Geschw\u00e4tz der \u00f6ffentlichen Neugier und Langeweile waren die Elemente des Daseins, den eigenen Sinn samt und sonders leibhaftig fassbar. Garten, Acker, Fluss und Wald, Reifung und Misswuchs der Saaten, unter den Balken der Tenne die Schwalben, das Vieh im Stall, aber auch das unsichtbare R\u00e4ubern des Iltis und der Ratten, zwischen S\u00e4en und M\u00e4hen die ruhige Zeit und dann wieder die m\u00f6rderische Plakerei der Erntewochen. Die anschaubare Verfertigung der Gebrauchsdinge Pflug und Ackerwagen, Tisch und Schrank, Zaumzeug und Hufeisen, Mehl und Brot, Geburt, Krankheit und Sterben unter dem gleichen h\u00e4uslichen Dach, der sakramentliche Feldersegen und der Jahrmarkt, Brautwerbung und Totengeleit, in der Scheune die Mundharmonika und das Brausen des v\u00e4terlichen Orgelspiels in der Kirche. R\u00fchrseligkeit der M\u00e4gdelieder und die strenge Klarheit des Chorals. Der Reichtum dieser Kinderjahre ist offenkundig. Sind sie auch einfachhin eine gl\u00fcckliche Zeit gewesen, wahrscheinlich gibt es so etwas nur als gef\u00fchlvolle Selbstt\u00e4uschung des sich Erinnernden oder Au\u00dfenstehenden.\u201c<\/p>\n<\/div><figure class=\"wp-block-media-text__media\"><img loading=\"lazy\" decoding=\"async\" width=\"326\" height=\"217\" src=\"https:\/\/heimatverein-elte.de\/wp-content\/uploads\/2025\/10\/kinderzeit.jpg\" alt=\"Kinderzeit in Elte\" class=\"wp-image-189 size-full\" srcset=\"https:\/\/heimatverein-elte.de\/wp-content\/uploads\/2025\/10\/kinderzeit.jpg 326w, https:\/\/heimatverein-elte.de\/wp-content\/uploads\/2025\/10\/kinderzeit-300x200.jpg 300w\" sizes=\"auto, (max-width: 326px) 100vw, 326px\" \/><\/figure><\/div>\n\n\n\n<h2 class=\"wp-block-heading\">Theodora Holtkamp &#8211; Lehrerin in Elte<\/h2>\n\n\n\n<div class=\"wp-block-media-text has-media-on-the-right is-stacked-on-mobile\" style=\"grid-template-columns:auto 20%\"><div class=\"wp-block-media-text__content\">\n<p>Ich war nicht 5 Jahre alt, als mein Vater mich, zu Ostern 1909, in die Schule aufnahm; und nat\u00fcrlich ging ich in das \u201eunwohnliche\u201c alte Schulhaus; es lag ja auf der anderen Seite des Weges, gegen\u00fcber meinem Elternhaus. Zu dem gleichen Termin (Ostern 1909) war, als zweite Lehrkraft, eine Lehrerin ins Dorf gekommen; sie war also f\u00fcr die n\u00e4chsten Schuljahre meine erste Lehrerin. Sie kam aus Rheine und hie\u00df Theodora Holtkamp. Dieser ungew\u00f6hnliche Name Theodora war f\u00fcr mich wie etwas aus dem M\u00e4rchen. Die neue Lehrerin wohnte bei uns im Haus, und wir waren sofort gute Freunde. Ich erinnere mich seltsamerweise noch heute an das strenge Parf\u00fcm der Seife, mit der sie sich ihre H\u00e4nde wusch. Dass Ihre Hand an meine Nase kam, das war ganz nat\u00fcrlich; meine Nase befand sich ziemlich genau in der H\u00f6he ihrer Hand.<br><br>Ich sagte, sie wohnte in unserem Hause. Und sie \u00fcbernahm jedes Jahr die Rolle des Nikolaus; und nat\u00fcrlich wusste sie unheimlich genau Bescheid \u00fcber alle meine etwa begangenen Unarten. Ich wei\u00df nicht, wie sp\u00e4t ich die Maskerade durchschaut habe; in den ersten Jahren habe ich ihr immer haargenau berichtet, was der Nikolaus gesagt hat und habe es unbegreiflich gefunden, dass sie ausgerechnet an diesem Abend nicht zu Hause gewesen sei!<br><br>Ich habe Theodora Holtkamp nat\u00fcrlich sehr verehrt (das sie eine hochgewachsene respekterbietende Frau war, k\u00f6nnen Sie selber auf dem Foto mit den Erstkommunionkindern feststellen). Jahrzehnte sp\u00e4ter habe ich sie, bei Gelegenheit eines Vortrages in Rheine (ich glaube auf dem Thie), einmal besucht; und zu meiner \u00dcberraschung hatte sich unser Verh\u00e4ltnis umgekehrt; seltsamerweise f\u00fchlte sich die alte Dame geehrt und fast ein bischen geniert durch den Besuch eines \u201eProfessors\u201c.<br><br>aus dem Manuskript Josef Piepers zum 200-j\u00e4hrigen Bestehen der Schule in Elte &#8211; 1992<\/p>\n<\/div><figure class=\"wp-block-media-text__media\"><img loading=\"lazy\" decoding=\"async\" width=\"211\" height=\"580\" src=\"https:\/\/heimatverein-elte.de\/wp-content\/uploads\/2025\/10\/theodora_holtkamp-9e5a9bec.jpg\" alt=\"Lehrerin Theodora Holtkamp\" class=\"wp-image-190 size-full\" srcset=\"https:\/\/heimatverein-elte.de\/wp-content\/uploads\/2025\/10\/theodora_holtkamp-9e5a9bec.jpg 211w, https:\/\/heimatverein-elte.de\/wp-content\/uploads\/2025\/10\/theodora_holtkamp-9e5a9bec-109x300.jpg 109w\" sizes=\"auto, (max-width: 211px) 100vw, 211px\" \/><\/figure><\/div>\n\n\n\n<h2 class=\"wp-block-heading\">Halleyscher Komet &#8211; 1909<\/h2>\n\n\n\n<div class=\"wp-block-media-text has-media-on-the-right is-stacked-on-mobile\" style=\"grid-template-columns:auto 20%\"><div class=\"wp-block-media-text__content\">\n<p>Aber wir sind noch im Jahre 1909! Das Datum kann ich deswegen so bestimmt angeben, weil es sich um ein bestimmtes, nur alle 76 Jahre stattfindendes astronomisches Ereignis handelt.<br>Eines Nachts weckte mich mein Vater, holte mich aus dem Bett, h\u00fcllte mich in eine Decke, stellte mich im Garten auf einen der runden Gasthaustische, die wir von meiner Gro\u00dfmutter \u00fcbernommen hatten \u2013 und dann zeigte er, hinter mir stehend, an meiner Nase vorbei in den n\u00e4chtlichen Himmel: Sieh mal da: ein Komet! Es war der Halley\u2018sche Komet, den der Lehrerssohn doch unbedingt zu sehen bekommen sollte. Aber dieser didaktische Versuch ist dem Schulmeister, so weit ich mich erinnern kann, misslungen: ich war so schlaftrunken oder so aufgeregt, dass ich den Kometen wohl nicht gesehen habe. Mein Vater wusste nicht, dass ich ihn dann 76 Jahre sp\u00e4ter, mehr als 80 Jahre alt, sehen w\u00fcrde!<br><br>aus dem Manuskript Josef Piepers zum 200-j\u00e4hrigen Bestehen der Schule in Elte &#8211; 1992<\/p>\n<\/div><figure class=\"wp-block-media-text__media\"><img loading=\"lazy\" decoding=\"async\" width=\"211\" height=\"580\" src=\"https:\/\/heimatverein-elte.de\/wp-content\/uploads\/2025\/10\/heinrich_pieper-a91d5745.jpg\" alt=\"Heinrich Pieper\" class=\"wp-image-188 size-full\" srcset=\"https:\/\/heimatverein-elte.de\/wp-content\/uploads\/2025\/10\/heinrich_pieper-a91d5745.jpg 211w, https:\/\/heimatverein-elte.de\/wp-content\/uploads\/2025\/10\/heinrich_pieper-a91d5745-109x300.jpg 109w\" sizes=\"auto, (max-width: 211px) 100vw, 211px\" \/><\/figure><\/div>\n","protected":false},"excerpt":{"rendered":"<p>Am sch\u00f6nsten lassen sich Piepers Kinderjahre in seinen eigenen Worten darstellen. \u201eAus eben diesen Gr\u00fcnden, vielleicht auch trotz alldem, gedieh [&hellip;]<\/p>\n","protected":false},"author":1,"featured_media":0,"parent":0,"menu_order":0,"comment_status":"closed","ping_status":"closed","template":"","meta":{"site-sidebar-layout":"default","site-content-layout":"","ast-site-content-layout":"default","site-content-style":"default","site-sidebar-style":"default","ast-global-header-display":"","ast-banner-title-visibility":"","ast-main-header-display":"","ast-hfb-above-header-display":"","ast-hfb-below-header-display":"","ast-hfb-mobile-header-display":"","site-post-title":"","ast-breadcrumbs-content":"","ast-featured-img":"","footer-sml-layout":"","ast-disable-related-posts":"","theme-transparent-header-meta":"","adv-header-id-meta":"","stick-header-meta":"","header-above-stick-meta":"","header-main-stick-meta":"","header-below-stick-meta":"","astra-migrate-meta-layouts":"default","ast-page-background-enabled":"default","ast-page-background-meta":{"desktop":{"background-color":"var(--ast-global-color-5)","background-image":"","background-repeat":"repeat","background-position":"center center","background-size":"auto","background-attachment":"scroll","background-type":"","background-media":"","overlay-type":"","overlay-color":"","overlay-opacity":"","overlay-gradient":""},"tablet":{"background-color":"","background-image":"","background-repeat":"repeat","background-position":"center center","background-size":"auto","background-attachment":"scroll","background-type":"","background-media":"","overlay-type":"","overlay-color":"","overlay-opacity":"","overlay-gradient":""},"mobile":{"background-color":"","background-image":"","background-repeat":"repeat","background-position":"center center","background-size":"auto","background-attachment":"scroll","background-type":"","background-media":"","overlay-type":"","overlay-color":"","overlay-opacity":"","overlay-gradient":""}},"ast-content-background-meta":{"desktop":{"background-color":"var(--ast-global-color-4)","background-image":"","background-repeat":"repeat","background-position":"center center","background-size":"auto","background-attachment":"scroll","background-type":"","background-media":"","overlay-type":"","overlay-color":"","overlay-opacity":"","overlay-gradient":""},"tablet":{"background-color":"var(--ast-global-color-4)","background-image":"","background-repeat":"repeat","background-position":"center center","background-size":"auto","background-attachment":"scroll","background-type":"","background-media":"","overlay-type":"","overlay-color":"","overlay-opacity":"","overlay-gradient":""},"mobile":{"background-color":"var(--ast-global-color-4)","background-image":"","background-repeat":"repeat","background-position":"center center","background-size":"auto","background-attachment":"scroll","background-type":"","background-media":"","overlay-type":"","overlay-color":"","overlay-opacity":"","overlay-gradient":""}},"footnotes":""},"class_list":["post-319","page","type-page","status-publish","hentry"],"_links":{"self":[{"href":"https:\/\/heimatverein-elte.de\/index.php?rest_route=\/wp\/v2\/pages\/319","targetHints":{"allow":["GET"]}}],"collection":[{"href":"https:\/\/heimatverein-elte.de\/index.php?rest_route=\/wp\/v2\/pages"}],"about":[{"href":"https:\/\/heimatverein-elte.de\/index.php?rest_route=\/wp\/v2\/types\/page"}],"author":[{"embeddable":true,"href":"https:\/\/heimatverein-elte.de\/index.php?rest_route=\/wp\/v2\/users\/1"}],"replies":[{"embeddable":true,"href":"https:\/\/heimatverein-elte.de\/index.php?rest_route=%2Fwp%2Fv2%2Fcomments&post=319"}],"version-history":[{"count":7,"href":"https:\/\/heimatverein-elte.de\/index.php?rest_route=\/wp\/v2\/pages\/319\/revisions"}],"predecessor-version":[{"id":548,"href":"https:\/\/heimatverein-elte.de\/index.php?rest_route=\/wp\/v2\/pages\/319\/revisions\/548"}],"wp:attachment":[{"href":"https:\/\/heimatverein-elte.de\/index.php?rest_route=%2Fwp%2Fv2%2Fmedia&parent=319"}],"curies":[{"name":"wp","href":"https:\/\/api.w.org\/{rel}","templated":true}]}}