{"id":321,"date":"2025-10-27T11:55:55","date_gmt":"2025-10-27T10:55:55","guid":{"rendered":"https:\/\/heimatverein-elte.de\/?page_id=321"},"modified":"2025-10-30T12:41:03","modified_gmt":"2025-10-30T11:41:03","slug":"1912-1932","status":"publish","type":"page","link":"https:\/\/heimatverein-elte.de\/?page_id=321","title":{"rendered":"1912 &#8211; 1932"},"content":{"rendered":"\n<h2 class=\"wp-block-heading\"><strong>Schulzeit<\/strong><\/h2>\n\n\n\n<div class=\"wp-block-media-text has-media-on-the-right is-stacked-on-mobile\" style=\"grid-template-columns:auto 30%\"><div class=\"wp-block-media-text__content\">\n<p>1923 legte Pieper erfolgreich die Abiturpr\u00fcfung am Gymnasium Paulinum in M\u00fcnster ab.<\/p>\n<\/div><figure class=\"wp-block-media-text__media\"><img loading=\"lazy\" decoding=\"async\" width=\"115\" height=\"157\" src=\"https:\/\/heimatverein-elte.de\/wp-content\/uploads\/2025\/10\/Schulzeit.jpg\" alt=\"Josef Pieper Schulzeit\" class=\"wp-image-191 size-full\"\/><\/figure><\/div>\n\n\n\n<h2 class=\"wp-block-heading\">Jugendbewegung<\/h2>\n\n\n\n<p>Er hatte sich bereits als Heranwachsender der Jugendbewegung angeschlossen. Zwischen Mai und Oktober 1923 unternahm er eine ausgedehnte Reise nach D\u00e4nemark, Schweden und Island. In der Jugendbewegung lernte er auch Romano Guardini kennen und sch\u00e4tzte ihn sehr. Vielleicht wurzelt in dieser Begegnung die sp\u00e4tere Hinwendung zum Themen-kreis um Liturgie und Kult, Fest und Feier.<\/p>\n\n\n\n<h2 class=\"wp-block-heading\">Studium<\/h2>\n\n\n\n<div class=\"wp-block-media-text has-media-on-the-right is-stacked-on-mobile\" style=\"grid-template-columns:auto 30%\"><div class=\"wp-block-media-text__content\">\n<p>Josef Pieper studierte zwischen Herbst 1923 und 1928 in Berlin und M\u00fcnster Philosophie, Rechtswissenschaft und Soziologie; anf\u00e4nglich hatte sich Josef Pieper zudem als Theologiestudent einschreiben lassen. Die fr\u00fche Begeisterung f\u00fcr Kierkegaard wurde bereits w\u00e4hrend der Schulzeit abgel\u00f6st von einer intensiven Besch\u00e4ftigung mit Thomas von Aquin, dem neben Platon eigentlichen &#8222;Lehrer&#8220; in der geistigen Biographie. Piepers zentrales Interesse galt der Philosophie, die ihm in seinem Bestreben &#8222;die Bedeutung des Wirklichkeitsganzen&#8220; f\u00fcr sich zu erschlie\u00dfen immer wichtiger wurde.<\/p>\n<\/div><figure class=\"wp-block-media-text__media\"><img loading=\"lazy\" decoding=\"async\" width=\"118\" height=\"172\" src=\"https:\/\/heimatverein-elte.de\/wp-content\/uploads\/2025\/10\/Studium-d4db0cfd.jpg\" alt=\"\" class=\"wp-image-192 size-full\"\/><\/figure><\/div>\n\n\n\n<h2 class=\"wp-block-heading\">Promotion<\/h2>\n\n\n\n<p>1928 erfolgte die Promotion zum Dr. phil.<\/p>\n\n\n\n<h2 class=\"wp-block-heading\">Wissenschaftlicher Assistent<\/h2>\n\n\n\n<div class=\"wp-block-media-text has-media-on-the-right is-stacked-on-mobile\" style=\"grid-template-columns:auto 30%\"><div class=\"wp-block-media-text__content\">\n<p>Nach erfolgter Promotion zum Dr. phil. (1928), schloss sich eine vierj\u00e4hrige Assistenzt\u00e4tigkeit in M\u00fcnster an am sozialwissenschaftlichen &#8222;Forschungsinstitut f\u00fcr Organisationslehre und Soziologie&#8220; bei der Westf\u00e4lischen Wilhelms-Universit\u00e4t<br>(Prof. Dr. Johann Plenge) an.<\/p>\n\n\n\n<p><\/p>\n<\/div><figure class=\"wp-block-media-text__media\"><img loading=\"lazy\" decoding=\"async\" width=\"115\" height=\"169\" src=\"https:\/\/heimatverein-elte.de\/wp-content\/uploads\/2025\/10\/wiss_assi-dc0af918.jpg\" alt=\"Pieper als Wissenschaftsassistent\" class=\"wp-image-175 size-full\"\/><\/figure><\/div>\n\n\n\n<h2 class=\"wp-block-heading\">Freier Publizist<\/h2>\n\n\n\n<p>Josef Pieper war ab 1932 acht Jahre als freier Schriftsteller t\u00e4tig. So wirkte er beispielsweise zwischen 1929 und 1933 als Filmkritiker des \u201eM\u00fcnsterischen Anzeigers\u201c (\u00fcber 250 Kritiken unter dem K\u00fcrzel &#8218;jap&#8216;).<\/p>\n","protected":false},"excerpt":{"rendered":"<p>Schulzeit 1923 legte Pieper erfolgreich die Abiturpr\u00fcfung am Gymnasium Paulinum in M\u00fcnster ab. Jugendbewegung Er hatte sich bereits als Heranwachsender [&hellip;]<\/p>\n","protected":false},"author":1,"featured_media":0,"parent":0,"menu_order":0,"comment_status":"closed","ping_status":"closed","template":"","meta":{"site-sidebar-layout":"default","site-content-layout":"","ast-site-content-layout":"default","site-content-style":"default","site-sidebar-style":"default","ast-global-header-display":"","ast-banner-title-visibility":"","ast-main-header-display":"","ast-hfb-above-header-display":"","ast-hfb-below-header-display":"","ast-hfb-mobile-header-display":"","site-post-title":"","ast-breadcrumbs-content":"","ast-featured-img":"","footer-sml-layout":"","ast-disable-related-posts":"","theme-transparent-header-meta":"","adv-header-id-meta":"","stick-header-meta":"","header-above-stick-meta":"","header-main-stick-meta":"","header-below-stick-meta":"","astra-migrate-meta-layouts":"default","ast-page-background-enabled":"default","ast-page-background-meta":{"desktop":{"background-color":"var(--ast-global-color-5)","background-image":"","background-repeat":"repeat","background-position":"center center","background-size":"auto","background-attachment":"scroll","background-type":"","background-media":"","overlay-type":"","overlay-color":"","overlay-opacity":"","overlay-gradient":""},"tablet":{"background-color":"","background-image":"","background-repeat":"repeat","background-position":"center center","background-size":"auto","background-attachment":"scroll","background-type":"","background-media":"","overlay-type":"","overlay-color":"","overlay-opacity":"","overlay-gradient":""},"mobile":{"background-color":"","background-image":"","background-repeat":"repeat","background-position":"center center","background-size":"auto","background-attachment":"scroll","background-type":"","background-media":"","overlay-type":"","overlay-color":"","overlay-opacity":"","overlay-gradient":""}},"ast-content-background-meta":{"desktop":{"background-color":"var(--ast-global-color-4)","background-image":"","background-repeat":"repeat","background-position":"center center","background-size":"auto","background-attachment":"scroll","background-type":"","background-media":"","overlay-type":"","overlay-color":"","overlay-opacity":"","overlay-gradient":""},"tablet":{"background-color":"var(--ast-global-color-4)","background-image":"","background-repeat":"repeat","background-position":"center center","background-size":"auto","background-attachment":"scroll","background-type":"","background-media":"","overlay-type":"","overlay-color":"","overlay-opacity":"","overlay-gradient":""},"mobile":{"background-color":"var(--ast-global-color-4)","background-image":"","background-repeat":"repeat","background-position":"center center","background-size":"auto","background-attachment":"scroll","background-type":"","background-media":"","overlay-type":"","overlay-color":"","overlay-opacity":"","overlay-gradient":""}},"footnotes":""},"class_list":["post-321","page","type-page","status-publish","hentry"],"_links":{"self":[{"href":"https:\/\/heimatverein-elte.de\/index.php?rest_route=\/wp\/v2\/pages\/321","targetHints":{"allow":["GET"]}}],"collection":[{"href":"https:\/\/heimatverein-elte.de\/index.php?rest_route=\/wp\/v2\/pages"}],"about":[{"href":"https:\/\/heimatverein-elte.de\/index.php?rest_route=\/wp\/v2\/types\/page"}],"author":[{"embeddable":true,"href":"https:\/\/heimatverein-elte.de\/index.php?rest_route=\/wp\/v2\/users\/1"}],"replies":[{"embeddable":true,"href":"https:\/\/heimatverein-elte.de\/index.php?rest_route=%2Fwp%2Fv2%2Fcomments&post=321"}],"version-history":[{"count":4,"href":"https:\/\/heimatverein-elte.de\/index.php?rest_route=\/wp\/v2\/pages\/321\/revisions"}],"predecessor-version":[{"id":549,"href":"https:\/\/heimatverein-elte.de\/index.php?rest_route=\/wp\/v2\/pages\/321\/revisions\/549"}],"wp:attachment":[{"href":"https:\/\/heimatverein-elte.de\/index.php?rest_route=%2Fwp%2Fv2%2Fmedia&parent=321"}],"curies":[{"name":"wp","href":"https:\/\/api.w.org\/{rel}","templated":true}]}}