{"id":370,"date":"2025-10-27T12:53:06","date_gmt":"2025-10-27T11:53:06","guid":{"rendered":"https:\/\/heimatverein-elte.de\/?page_id=370"},"modified":"2025-10-30T12:59:39","modified_gmt":"2025-10-30T11:59:39","slug":"teigelkamp","status":"publish","type":"page","link":"https:\/\/heimatverein-elte.de\/?page_id=370","title":{"rendered":"Teigelkamp"},"content":{"rendered":"\n<h2 class=\"wp-block-heading\">Bernhard Teigelkamp<\/h2>\n\n\n\n<div class=\"wp-block-media-text has-media-on-the-right is-stacked-on-mobile\" style=\"grid-template-columns:auto 31%\"><div class=\"wp-block-media-text__content\">\n<p>Der Heimatverein Elte m\u00f6chte heute an den verdienten und gesch\u00e4tzten Heimatfreund Bernhard Teigelkamp erinnern, der vor 25 Jahren, am 18. Dezember 1982, im Alter von 84 Jahren verstorben ist. Er hat \u201eDorfgeschichte\u201c geschrieben. Er hat dazu ermutigt, 1973 den Heimatverein ins Leben zu rufen. Er hat den jungen Verein damals auf die F\u00e4hrte der Heimatgeschichte gef\u00fchrt. Bei Wanderungen durch die Elter Landschaft konnte er markante geografische Punkte mit geschichtlichen Ereignissen verkn\u00fcpfen und an den K\u00fceraobenden am Herdfeuer in seiner originellen plattdeutschen Muttersprache tiefe Einblicke in die Geschichte des Dorfes Elte vermitteln. Heute wissen wir, dass seine spannenden Erz\u00e4hlungen keine Tr\u00e4umereien am Kamin waren, sondern Geschichte, die auf einer gr\u00fcndlichen Recherche beruhte. In jahrelanger stiller Arbeit hat sich Bernhard Teigelkamp nach den Quellen der Geschichte umgesehen. Er durchbl\u00e4tterte das Pfarrarchiv und die Schulchronik von Elte; tagelang sa\u00df er im Bistums- und Staatsarchiv in M\u00fcnster, um alte Urkunden, Protokolle und Listen zu studieren. Und er befragte die Leute, z. B. den alten \u201eFeldk\u00f6tter\u201c, Anton Veltmann, der mit seinem Erz\u00e4hltalent wohl auch den Lehrer Teigelkamp f\u00fcr die Heimatgeschichte zu begeistern wusste.<br><br>Im Jahre 1972 waren seine Studien offensichtlich abgeschlossen, und er schreibt im Vorwort zu seiner geschichtlichen Sammlung, dass \u201edieses Heimatb\u00fcchlein\u201c nicht den Anspruch auf Vollst\u00e4ndigkeit erhebe. Doch es erreiche seinen Zweck, \u201ewenn es den Elter Leuten binnen und buten und auch all denen, f\u00fcr die Elte zur Heimat geworden ist, ein Interesse weckt f\u00fcr die Taten und Gebr\u00e4uche unserer Vorfahren und f\u00fcr das Schicksal unseres geliebten Elte.\u201c Das Vorwort war geschrieben, die Sammlung in Themen gegliedert, angereichert mit vielen alten wertvollen Bildern. Alles lag 1972 zur Ver\u00f6ffentlichung bereit. Aber es kam vorl\u00e4ufig nicht dazu. Lediglich ein paar Kopien kamen in Umlauf. Erst 1991\/92 ver\u00f6ffentlichte die Firma F.A. K\u00fcmpers in ihrer Werkszeitung \u201eSpindel und Schiffchen\u201c in f\u00fcnf Folgen ausgew\u00e4hlte Kapitel aus dieser Sammlung \u2013 im \u00fcbrigen eine beachtliche Ausgabe. Frau Aloysia Schr\u00f6er, Ibbenb\u00fcren besorgte dann 1998 mit dem Heft \u201eGeschichte meines Heimatortes \u2013 von Bernhard Teigelkamp\u201c eine autentische Ausgabe der heimatkundlichen Sammlung. Sie erg\u00e4nzte dies Heft noch um eigene Beitr\u00e4ge aus der Familienchronik des Fiedlerhofes (ihre Mutter stammte von diesem Hof in Heine) und u. a. um den \u201estatus animarum\u201c von 1749. Dies \u201eHeimatb\u00fcchlein\u201c fand in Elte rei\u00dfenden Absatz.<\/p>\n<\/div><figure class=\"wp-block-media-text__media\"><img loading=\"lazy\" decoding=\"async\" width=\"184\" height=\"283\" src=\"https:\/\/heimatverein-elte.de\/wp-content\/uploads\/2025\/10\/bernhard_teigelkamp.jpg\" alt=\"Bernhard Teigelkamp\" class=\"wp-image-379 size-full\"\/><\/figure><\/div>\n\n\n\n<div class=\"wp-block-media-text is-stacked-on-mobile\" style=\"grid-template-columns:30% auto\"><figure class=\"wp-block-media-text__media\"><img loading=\"lazy\" decoding=\"async\" width=\"374\" height=\"255\" src=\"https:\/\/heimatverein-elte.de\/wp-content\/uploads\/2025\/10\/teigelkamp_gemuetliche_runde_am_herdfeuer.jpg\" alt=\"Teigelkamp, gem\u00fctliche Runde\" class=\"wp-image-384 size-full\" srcset=\"https:\/\/heimatverein-elte.de\/wp-content\/uploads\/2025\/10\/teigelkamp_gemuetliche_runde_am_herdfeuer.jpg 374w, https:\/\/heimatverein-elte.de\/wp-content\/uploads\/2025\/10\/teigelkamp_gemuetliche_runde_am_herdfeuer-300x205.jpg 300w\" sizes=\"auto, (max-width: 374px) 100vw, 374px\" \/><\/figure><div class=\"wp-block-media-text__content\">\n<p>Es gab dem Verfasser recht, der mit seinem \u201eB\u00fcchlein\u201c das Interesse der \u201eElter Leute\u201c an der Geschichte des Dorfes Elte wecken wollte. Und so sind auch seine heimatkundlichen Forschungen f\u00fcr den Heimatverein Elte zur Grundlage weiteren Erforschens und Erkundens geworden.<br><br>Der \u201eArbeitskreis Geschichte\u201c im Heimatverein Elte ist dabei, das Dorfarchiv weiter auszubauen. In diesem Archiv wird der Heimatforscher Bernhard Teigelkamp einen Ehrenplatz einnehmen, denn der Heimatverein wei\u00df sich ihm zu gro\u00dfem Dank verpflichtet.<br><br><em>Text: Theo Weischer<br>Bildmaterial: Fam. Teigelkamp<\/em><\/p>\n<\/div><\/div>\n","protected":false},"excerpt":{"rendered":"<p>Bernhard Teigelkamp Der Heimatverein Elte m\u00f6chte heute an den verdienten und gesch\u00e4tzten Heimatfreund Bernhard Teigelkamp erinnern, der vor 25 Jahren, [&hellip;]<\/p>\n","protected":false},"author":1,"featured_media":0,"parent":0,"menu_order":0,"comment_status":"closed","ping_status":"closed","template":"","meta":{"site-sidebar-layout":"default","site-content-layout":"","ast-site-content-layout":"default","site-content-style":"default","site-sidebar-style":"default","ast-global-header-display":"","ast-banner-title-visibility":"","ast-main-header-display":"","ast-hfb-above-header-display":"","ast-hfb-below-header-display":"","ast-hfb-mobile-header-display":"","site-post-title":"","ast-breadcrumbs-content":"","ast-featured-img":"","footer-sml-layout":"","ast-disable-related-posts":"","theme-transparent-header-meta":"","adv-header-id-meta":"","stick-header-meta":"","header-above-stick-meta":"","header-main-stick-meta":"","header-below-stick-meta":"","astra-migrate-meta-layouts":"default","ast-page-background-enabled":"default","ast-page-background-meta":{"desktop":{"background-color":"var(--ast-global-color-5)","background-image":"","background-repeat":"repeat","background-position":"center center","background-size":"auto","background-attachment":"scroll","background-type":"","background-media":"","overlay-type":"","overlay-color":"","overlay-opacity":"","overlay-gradient":""},"tablet":{"background-color":"","background-image":"","background-repeat":"repeat","background-position":"center center","background-size":"auto","background-attachment":"scroll","background-type":"","background-media":"","overlay-type":"","overlay-color":"","overlay-opacity":"","overlay-gradient":""},"mobile":{"background-color":"","background-image":"","background-repeat":"repeat","background-position":"center center","background-size":"auto","background-attachment":"scroll","background-type":"","background-media":"","overlay-type":"","overlay-color":"","overlay-opacity":"","overlay-gradient":""}},"ast-content-background-meta":{"desktop":{"background-color":"var(--ast-global-color-4)","background-image":"","background-repeat":"repeat","background-position":"center center","background-size":"auto","background-attachment":"scroll","background-type":"","background-media":"","overlay-type":"","overlay-color":"","overlay-opacity":"","overlay-gradient":""},"tablet":{"background-color":"var(--ast-global-color-4)","background-image":"","background-repeat":"repeat","background-position":"center center","background-size":"auto","background-attachment":"scroll","background-type":"","background-media":"","overlay-type":"","overlay-color":"","overlay-opacity":"","overlay-gradient":""},"mobile":{"background-color":"var(--ast-global-color-4)","background-image":"","background-repeat":"repeat","background-position":"center center","background-size":"auto","background-attachment":"scroll","background-type":"","background-media":"","overlay-type":"","overlay-color":"","overlay-opacity":"","overlay-gradient":""}},"footnotes":""},"class_list":["post-370","page","type-page","status-publish","hentry"],"_links":{"self":[{"href":"https:\/\/heimatverein-elte.de\/index.php?rest_route=\/wp\/v2\/pages\/370","targetHints":{"allow":["GET"]}}],"collection":[{"href":"https:\/\/heimatverein-elte.de\/index.php?rest_route=\/wp\/v2\/pages"}],"about":[{"href":"https:\/\/heimatverein-elte.de\/index.php?rest_route=\/wp\/v2\/types\/page"}],"author":[{"embeddable":true,"href":"https:\/\/heimatverein-elte.de\/index.php?rest_route=\/wp\/v2\/users\/1"}],"replies":[{"embeddable":true,"href":"https:\/\/heimatverein-elte.de\/index.php?rest_route=%2Fwp%2Fv2%2Fcomments&post=370"}],"version-history":[{"count":3,"href":"https:\/\/heimatverein-elte.de\/index.php?rest_route=\/wp\/v2\/pages\/370\/revisions"}],"predecessor-version":[{"id":567,"href":"https:\/\/heimatverein-elte.de\/index.php?rest_route=\/wp\/v2\/pages\/370\/revisions\/567"}],"wp:attachment":[{"href":"https:\/\/heimatverein-elte.de\/index.php?rest_route=%2Fwp%2Fv2%2Fmedia&parent=370"}],"curies":[{"name":"wp","href":"https:\/\/api.w.org\/{rel}","templated":true}]}}