{"id":372,"date":"2025-10-27T12:53:21","date_gmt":"2025-10-27T11:53:21","guid":{"rendered":"https:\/\/heimatverein-elte.de\/?page_id=372"},"modified":"2025-10-30T13:02:15","modified_gmt":"2025-10-30T12:02:15","slug":"dorflinde","status":"publish","type":"page","link":"https:\/\/heimatverein-elte.de\/?page_id=372","title":{"rendered":"Dorflinde"},"content":{"rendered":"\n<div class=\"wp-block-media-text has-media-on-the-right is-stacked-on-mobile\" style=\"grid-template-columns:auto 30%\"><div class=\"wp-block-media-text__content\">\n<p>Auf dem Bild ist die Dorflinde vor der Kohlenhandlung Homann zu sehen. Das Bild ist vermutlich in der Zeit um etwa 1950 aufgenommen.<br><br>Geh\u00f6ren Sie zu den Elteranern, die sich an die Linde und die Kohlenhandlung noch gut erinnern?<br><br>Dann informiert uns \u00fcber Eure Erinnerungen, die dieses Foto in Euch weckt. Wir m\u00f6chten die eingesandten Beitr\u00e4ge dann gerne ver\u00f6ffentlichen.<br><br>Kontakt:<br>Klaus Wamelink (05975) 93633<br>e-mail:\u00a0<a href=\"mailto:Klaus.Wamelink%3Cscript%20language=%27JavaScript%27%20type=%27text\/javascript%27%3Edocument.write%28%27@%27%29%3C\/script%3E%3Cnoscript%3E%28at-Zeichen%29%3C\/noscript%3Eheimtaverein-elte.de\">Klaus.Wamelink@heimatverein-elte.de<\/a><\/p>\n<\/div><figure class=\"wp-block-media-text__media\"><img loading=\"lazy\" decoding=\"async\" width=\"264\" height=\"369\" src=\"https:\/\/heimatverein-elte.de\/wp-content\/uploads\/2025\/10\/homann_kohlenhandlung-_dorflinde_um_1950.jpg\" alt=\"Dorflinde Kohlenhandlung Homann\" class=\"wp-image-380 size-full\" srcset=\"https:\/\/heimatverein-elte.de\/wp-content\/uploads\/2025\/10\/homann_kohlenhandlung-_dorflinde_um_1950.jpg 264w, https:\/\/heimatverein-elte.de\/wp-content\/uploads\/2025\/10\/homann_kohlenhandlung-_dorflinde_um_1950-215x300.jpg 215w\" sizes=\"auto, (max-width: 264px) 100vw, 264px\" \/><\/figure><\/div>\n\n\n\n<h2 class=\"wp-block-heading\">Erg\u00e4nzungen zum Thema:<\/h2>\n\n\n\n<p><strong>Reinhold We\u00dfling aus Elte schrieb:<\/strong><br>Zu der Dorflinde schreibt Teigelkamp unter dem gleichen Bild:<br><em>Um 1910 stand darunter noch eine Muttergottesstatue, Pfr. Wellert\u00a0kaufte den Platz f\u00fcr die Kirche, bis in die 60er Jahre war der Platz Fronleichnamsstation.<\/em><\/p>\n","protected":false},"excerpt":{"rendered":"<p>Auf dem Bild ist die Dorflinde vor der Kohlenhandlung Homann zu sehen. Das Bild ist vermutlich in der Zeit um [&hellip;]<\/p>\n","protected":false},"author":1,"featured_media":0,"parent":0,"menu_order":0,"comment_status":"closed","ping_status":"closed","template":"","meta":{"site-sidebar-layout":"default","site-content-layout":"","ast-site-content-layout":"default","site-content-style":"default","site-sidebar-style":"default","ast-global-header-display":"","ast-banner-title-visibility":"","ast-main-header-display":"","ast-hfb-above-header-display":"","ast-hfb-below-header-display":"","ast-hfb-mobile-header-display":"","site-post-title":"","ast-breadcrumbs-content":"","ast-featured-img":"","footer-sml-layout":"","ast-disable-related-posts":"","theme-transparent-header-meta":"","adv-header-id-meta":"","stick-header-meta":"","header-above-stick-meta":"","header-main-stick-meta":"","header-below-stick-meta":"","astra-migrate-meta-layouts":"default","ast-page-background-enabled":"default","ast-page-background-meta":{"desktop":{"background-color":"var(--ast-global-color-5)","background-image":"","background-repeat":"repeat","background-position":"center center","background-size":"auto","background-attachment":"scroll","background-type":"","background-media":"","overlay-type":"","overlay-color":"","overlay-opacity":"","overlay-gradient":""},"tablet":{"background-color":"","background-image":"","background-repeat":"repeat","background-position":"center center","background-size":"auto","background-attachment":"scroll","background-type":"","background-media":"","overlay-type":"","overlay-color":"","overlay-opacity":"","overlay-gradient":""},"mobile":{"background-color":"","background-image":"","background-repeat":"repeat","background-position":"center center","background-size":"auto","background-attachment":"scroll","background-type":"","background-media":"","overlay-type":"","overlay-color":"","overlay-opacity":"","overlay-gradient":""}},"ast-content-background-meta":{"desktop":{"background-color":"var(--ast-global-color-4)","background-image":"","background-repeat":"repeat","background-position":"center center","background-size":"auto","background-attachment":"scroll","background-type":"","background-media":"","overlay-type":"","overlay-color":"","overlay-opacity":"","overlay-gradient":""},"tablet":{"background-color":"var(--ast-global-color-4)","background-image":"","background-repeat":"repeat","background-position":"center center","background-size":"auto","background-attachment":"scroll","background-type":"","background-media":"","overlay-type":"","overlay-color":"","overlay-opacity":"","overlay-gradient":""},"mobile":{"background-color":"var(--ast-global-color-4)","background-image":"","background-repeat":"repeat","background-position":"center center","background-size":"auto","background-attachment":"scroll","background-type":"","background-media":"","overlay-type":"","overlay-color":"","overlay-opacity":"","overlay-gradient":""}},"footnotes":""},"class_list":["post-372","page","type-page","status-publish","hentry"],"_links":{"self":[{"href":"https:\/\/heimatverein-elte.de\/index.php?rest_route=\/wp\/v2\/pages\/372","targetHints":{"allow":["GET"]}}],"collection":[{"href":"https:\/\/heimatverein-elte.de\/index.php?rest_route=\/wp\/v2\/pages"}],"about":[{"href":"https:\/\/heimatverein-elte.de\/index.php?rest_route=\/wp\/v2\/types\/page"}],"author":[{"embeddable":true,"href":"https:\/\/heimatverein-elte.de\/index.php?rest_route=\/wp\/v2\/users\/1"}],"replies":[{"embeddable":true,"href":"https:\/\/heimatverein-elte.de\/index.php?rest_route=%2Fwp%2Fv2%2Fcomments&post=372"}],"version-history":[{"count":2,"href":"https:\/\/heimatverein-elte.de\/index.php?rest_route=\/wp\/v2\/pages\/372\/revisions"}],"predecessor-version":[{"id":569,"href":"https:\/\/heimatverein-elte.de\/index.php?rest_route=\/wp\/v2\/pages\/372\/revisions\/569"}],"wp:attachment":[{"href":"https:\/\/heimatverein-elte.de\/index.php?rest_route=%2Fwp%2Fv2%2Fmedia&parent=372"}],"curies":[{"name":"wp","href":"https:\/\/api.w.org\/{rel}","templated":true}]}}