{"id":374,"date":"2025-10-27T12:53:39","date_gmt":"2025-10-27T11:53:39","guid":{"rendered":"https:\/\/heimatverein-elte.de\/?page_id=374"},"modified":"2025-10-30T13:13:23","modified_gmt":"2025-10-30T12:13:23","slug":"10-jahre-kalvarienberg","status":"publish","type":"page","link":"https:\/\/heimatverein-elte.de\/?page_id=374","title":{"rendered":"10 Jahre Baugebiet Kalvarienberg"},"content":{"rendered":"\n<div class=\"wp-block-media-text is-stacked-on-mobile is-vertically-aligned-top\" style=\"grid-template-columns:30% auto\"><figure class=\"wp-block-media-text__media\"><img loading=\"lazy\" decoding=\"async\" width=\"600\" height=\"400\" src=\"https:\/\/heimatverein-elte.de\/wp-content\/uploads\/2025\/10\/baugebiet_wischmannstr_2-28727410.jpg\" alt=\"Kollage Baugebiet Kalvarienberg\/Wischmannstra\u00dfe\" class=\"wp-image-378 size-full\" srcset=\"https:\/\/heimatverein-elte.de\/wp-content\/uploads\/2025\/10\/baugebiet_wischmannstr_2-28727410.jpg 600w, https:\/\/heimatverein-elte.de\/wp-content\/uploads\/2025\/10\/baugebiet_wischmannstr_2-28727410-300x200.jpg 300w\" sizes=\"auto, (max-width: 600px) 100vw, 600px\" \/><\/figure><div class=\"wp-block-media-text__content\">\n<p>&#8211; kwa &#8211; Im Jahr\u00a02007 n\u00e4hert sich der 10. Jahrestag der Fertigstellung des Baugebietes Wischmannstra\u00dfe. Nun lebt\u00a0Ihr schon einige Jahre in Eurem neuen Haus in Elte, und sicher habt Ihr zwischen das Gef\u00fchl, hier zu Hause zu sein.\u00a0Erinnert Euch noch einmal daran, dass wir da auf einem geschichtstr\u00e4chtigen Fleckchen Erde wohnen, an einem Ort, der den Altvorderen als Thingst\u00e4tte und vielleicht auch als Opferst\u00e4tte gedient hat.<br><br>Am Eingang unserer Wohnsiedlung finden wir einen Hinweis: \u201eZum Kalvarienberg\u201c. Und wenn wir dieser Stra\u00dfe folgen \u2013\u00a0Ihr werdet den \u201eBerg\u201c nicht finden &#8211; dann lest Ihr die Stra\u00dfenschilder \u201eEdelherr-Ludolf-Ring\u201c und \u201eBischof-Ludwig-Stra\u00dfe\u201c. Auch dies sind Hinweise auf l\u00e4ngst vergangene Zeiten.<br><br>Mehr Informationen zur Geschichte und damit zu unseren Stra\u00dfennamen, k\u00f6nnen\u00a0<strong><a href=\"https:\/\/heimatverein-elte.de\/wp-content\/uploads\/2025\/10\/bau_der_schwanenburg.pdf\" data-type=\"attachment\" data-id=\"577\">hier<\/a><\/strong>\u00a0als PDF von Klaus Wamelink aus dem Internet geladen werden.<br><br>Aber erinnert Euch auch daran, dass wir alle zusammen ein neues Wohngebiet in Elte geschaffen und mit sehr viel Engagement und noch mehr Arbeit unser eigenes\u00a0Heim erschaffen\u00a0haben. Wie viel Arbeit hier inzwischen investiert wurde sieht man sehr gut wenn man unser heutiges Wohngebiet mit dem damaligen Zustand auf den\u00a0folgenden Fotos vergleicht.<br><br><em>Text: Weischer\/Wamelink &#8211; Fotos: Bauherren<\/em><\/p>\n<\/div><\/div>\n","protected":false},"excerpt":{"rendered":"<p>&#8211; kwa &#8211; Im Jahr\u00a02007 n\u00e4hert sich der 10. Jahrestag der Fertigstellung des Baugebietes Wischmannstra\u00dfe. Nun lebt\u00a0Ihr schon einige Jahre [&hellip;]<\/p>\n","protected":false},"author":1,"featured_media":0,"parent":0,"menu_order":0,"comment_status":"closed","ping_status":"closed","template":"","meta":{"site-sidebar-layout":"default","site-content-layout":"","ast-site-content-layout":"default","site-content-style":"default","site-sidebar-style":"default","ast-global-header-display":"","ast-banner-title-visibility":"","ast-main-header-display":"","ast-hfb-above-header-display":"","ast-hfb-below-header-display":"","ast-hfb-mobile-header-display":"","site-post-title":"","ast-breadcrumbs-content":"","ast-featured-img":"","footer-sml-layout":"","ast-disable-related-posts":"","theme-transparent-header-meta":"","adv-header-id-meta":"","stick-header-meta":"","header-above-stick-meta":"","header-main-stick-meta":"","header-below-stick-meta":"","astra-migrate-meta-layouts":"default","ast-page-background-enabled":"default","ast-page-background-meta":{"desktop":{"background-color":"var(--ast-global-color-5)","background-image":"","background-repeat":"repeat","background-position":"center center","background-size":"auto","background-attachment":"scroll","background-type":"","background-media":"","overlay-type":"","overlay-color":"","overlay-opacity":"","overlay-gradient":""},"tablet":{"background-color":"","background-image":"","background-repeat":"repeat","background-position":"center center","background-size":"auto","background-attachment":"scroll","background-type":"","background-media":"","overlay-type":"","overlay-color":"","overlay-opacity":"","overlay-gradient":""},"mobile":{"background-color":"","background-image":"","background-repeat":"repeat","background-position":"center center","background-size":"auto","background-attachment":"scroll","background-type":"","background-media":"","overlay-type":"","overlay-color":"","overlay-opacity":"","overlay-gradient":""}},"ast-content-background-meta":{"desktop":{"background-color":"var(--ast-global-color-4)","background-image":"","background-repeat":"repeat","background-position":"center center","background-size":"auto","background-attachment":"scroll","background-type":"","background-media":"","overlay-type":"","overlay-color":"","overlay-opacity":"","overlay-gradient":""},"tablet":{"background-color":"var(--ast-global-color-4)","background-image":"","background-repeat":"repeat","background-position":"center center","background-size":"auto","background-attachment":"scroll","background-type":"","background-media":"","overlay-type":"","overlay-color":"","overlay-opacity":"","overlay-gradient":""},"mobile":{"background-color":"var(--ast-global-color-4)","background-image":"","background-repeat":"repeat","background-position":"center center","background-size":"auto","background-attachment":"scroll","background-type":"","background-media":"","overlay-type":"","overlay-color":"","overlay-opacity":"","overlay-gradient":""}},"footnotes":""},"class_list":["post-374","page","type-page","status-publish","hentry"],"_links":{"self":[{"href":"https:\/\/heimatverein-elte.de\/index.php?rest_route=\/wp\/v2\/pages\/374","targetHints":{"allow":["GET"]}}],"collection":[{"href":"https:\/\/heimatverein-elte.de\/index.php?rest_route=\/wp\/v2\/pages"}],"about":[{"href":"https:\/\/heimatverein-elte.de\/index.php?rest_route=\/wp\/v2\/types\/page"}],"author":[{"embeddable":true,"href":"https:\/\/heimatverein-elte.de\/index.php?rest_route=\/wp\/v2\/users\/1"}],"replies":[{"embeddable":true,"href":"https:\/\/heimatverein-elte.de\/index.php?rest_route=%2Fwp%2Fv2%2Fcomments&post=374"}],"version-history":[{"count":7,"href":"https:\/\/heimatverein-elte.de\/index.php?rest_route=\/wp\/v2\/pages\/374\/revisions"}],"predecessor-version":[{"id":578,"href":"https:\/\/heimatverein-elte.de\/index.php?rest_route=\/wp\/v2\/pages\/374\/revisions\/578"}],"wp:attachment":[{"href":"https:\/\/heimatverein-elte.de\/index.php?rest_route=%2Fwp%2Fv2%2Fmedia&parent=374"}],"curies":[{"name":"wp","href":"https:\/\/api.w.org\/{rel}","templated":true}]}}