{"id":44,"date":"2025-10-24T14:16:26","date_gmt":"2025-10-24T12:16:26","guid":{"rendered":"https:\/\/heimatverein-elte.de\/?page_id=44"},"modified":"2025-10-30T11:30:14","modified_gmt":"2025-10-30T10:30:14","slug":"ausstellungen","status":"publish","type":"page","link":"https:\/\/heimatverein-elte.de\/?page_id=44","title":{"rendered":"Ausstellungen"},"content":{"rendered":"\n<h2 class=\"wp-block-heading\">Vergangene Ausstellungen und Projekte<\/h2>\n\n\n\n<p>Jeder, der sich nach dem Besuch einer Ausstellung des Heimatverein Elte&nbsp;e.V.&nbsp;eingehend \u00fcber das jeweilige Thema informieren m\u00f6chte, ist auf dieser Seite genau richtig!<br><br>Die im Men\u00fc dieser Seite benannten Ausstellungen werden hier noch einmal beschrieben und sollen weitestgehend auch in les- oder druckbarer Form abgebildet sein. So ist es dem Ausstellungsbesucher m\u00f6glich, die Vielzahl der angebotenen Informationen noch einmal in aller Ruhe einzusehen. Das Copyright liegt jedoch beim Heimatverein Elte e.V..<br><br>Viel Spass beim schm\u00f6kern!<br><br>Klaus Wamelink<\/p>\n\n\n\n<figure class=\"wp-block-table\"><table><tbody><tr><td><a href=\"https:\/\/heimatverein-elte.de\/?page_id=50\" data-type=\"page\" data-id=\"50\"><img loading=\"lazy\" decoding=\"async\" width=\"300\" height=\"429\" class=\"wp-image-453\" style=\"width: 300px;\" src=\"https:\/\/heimatverein-elte.de\/wp-content\/uploads\/2025\/10\/uhr-3fa132c1-1.jpg\" alt=\"\" srcset=\"https:\/\/heimatverein-elte.de\/wp-content\/uploads\/2025\/10\/uhr-3fa132c1-1.jpg 245w, https:\/\/heimatverein-elte.de\/wp-content\/uploads\/2025\/10\/uhr-3fa132c1-1-210x300.jpg 210w\" sizes=\"auto, (max-width: 300px) 100vw, 300px\" \/><\/a><br><a href=\"https:\/\/heimatverein-elte.de\/?page_id=50\" data-type=\"page\" data-id=\"50\">Glocken und Turmuhr<\/a><br><\/td><td><a href=\"https:\/\/heimatverein-elte.de\/?page_id=55\" data-type=\"page\" data-id=\"55\"><img loading=\"lazy\" decoding=\"async\" width=\"300\" height=\"321\" class=\"wp-image-454\" style=\"width: 300px;\" src=\"https:\/\/heimatverein-elte.de\/wp-content\/uploads\/2025\/10\/waldkiefer-91f26133-1.jpg\" alt=\"Die Waldkiefer\" srcset=\"https:\/\/heimatverein-elte.de\/wp-content\/uploads\/2025\/10\/waldkiefer-91f26133-1.jpg 327w, https:\/\/heimatverein-elte.de\/wp-content\/uploads\/2025\/10\/waldkiefer-91f26133-1-280x300.jpg 280w\" sizes=\"auto, (max-width: 300px) 100vw, 300px\" \/><\/a><br><a href=\"https:\/\/heimatverein-elte.de\/?page_id=55\" data-type=\"page\" data-id=\"55\">Die Waldkiefer<\/a><\/td><\/tr><\/tbody><\/table><\/figure>\n","protected":false},"excerpt":{"rendered":"<p>Vergangene Ausstellungen und Projekte Jeder, der sich nach dem Besuch einer Ausstellung des Heimatverein Elte&nbsp;e.V.&nbsp;eingehend \u00fcber das jeweilige Thema informieren [&hellip;]<\/p>\n","protected":false},"author":1,"featured_media":0,"parent":0,"menu_order":0,"comment_status":"closed","ping_status":"closed","template":"","meta":{"site-sidebar-layout":"default","site-content-layout":"","ast-site-content-layout":"default","site-content-style":"default","site-sidebar-style":"default","ast-global-header-display":"","ast-banner-title-visibility":"","ast-main-header-display":"","ast-hfb-above-header-display":"","ast-hfb-below-header-display":"","ast-hfb-mobile-header-display":"","site-post-title":"","ast-breadcrumbs-content":"","ast-featured-img":"","footer-sml-layout":"","ast-disable-related-posts":"","theme-transparent-header-meta":"","adv-header-id-meta":"","stick-header-meta":"","header-above-stick-meta":"","header-main-stick-meta":"","header-below-stick-meta":"","astra-migrate-meta-layouts":"default","ast-page-background-enabled":"default","ast-page-background-meta":{"desktop":{"background-color":"var(--ast-global-color-5)","background-image":"","background-repeat":"repeat","background-position":"center center","background-size":"auto","background-attachment":"scroll","background-type":"","background-media":"","overlay-type":"","overlay-color":"","overlay-opacity":"","overlay-gradient":""},"tablet":{"background-color":"","background-image":"","background-repeat":"repeat","background-position":"center center","background-size":"auto","background-attachment":"scroll","background-type":"","background-media":"","overlay-type":"","overlay-color":"","overlay-opacity":"","overlay-gradient":""},"mobile":{"background-color":"","background-image":"","background-repeat":"repeat","background-position":"center center","background-size":"auto","background-attachment":"scroll","background-type":"","background-media":"","overlay-type":"","overlay-color":"","overlay-opacity":"","overlay-gradient":""}},"ast-content-background-meta":{"desktop":{"background-color":"var(--ast-global-color-4)","background-image":"","background-repeat":"repeat","background-position":"center center","background-size":"auto","background-attachment":"scroll","background-type":"","background-media":"","overlay-type":"","overlay-color":"","overlay-opacity":"","overlay-gradient":""},"tablet":{"background-color":"var(--ast-global-color-4)","background-image":"","background-repeat":"repeat","background-position":"center center","background-size":"auto","background-attachment":"scroll","background-type":"","background-media":"","overlay-type":"","overlay-color":"","overlay-opacity":"","overlay-gradient":""},"mobile":{"background-color":"var(--ast-global-color-4)","background-image":"","background-repeat":"repeat","background-position":"center center","background-size":"auto","background-attachment":"scroll","background-type":"","background-media":"","overlay-type":"","overlay-color":"","overlay-opacity":"","overlay-gradient":""}},"footnotes":""},"class_list":["post-44","page","type-page","status-publish","hentry"],"_links":{"self":[{"href":"https:\/\/heimatverein-elte.de\/index.php?rest_route=\/wp\/v2\/pages\/44","targetHints":{"allow":["GET"]}}],"collection":[{"href":"https:\/\/heimatverein-elte.de\/index.php?rest_route=\/wp\/v2\/pages"}],"about":[{"href":"https:\/\/heimatverein-elte.de\/index.php?rest_route=\/wp\/v2\/types\/page"}],"author":[{"embeddable":true,"href":"https:\/\/heimatverein-elte.de\/index.php?rest_route=\/wp\/v2\/users\/1"}],"replies":[{"embeddable":true,"href":"https:\/\/heimatverein-elte.de\/index.php?rest_route=%2Fwp%2Fv2%2Fcomments&post=44"}],"version-history":[{"count":5,"href":"https:\/\/heimatverein-elte.de\/index.php?rest_route=\/wp\/v2\/pages\/44\/revisions"}],"predecessor-version":[{"id":524,"href":"https:\/\/heimatverein-elte.de\/index.php?rest_route=\/wp\/v2\/pages\/44\/revisions\/524"}],"wp:attachment":[{"href":"https:\/\/heimatverein-elte.de\/index.php?rest_route=%2Fwp%2Fv2%2Fmedia&parent=44"}],"curies":[{"name":"wp","href":"https:\/\/api.w.org\/{rel}","templated":true}]}}