{"id":579,"date":"2025-10-30T13:14:17","date_gmt":"2025-10-30T12:14:17","guid":{"rendered":"https:\/\/heimatverein-elte.de\/?page_id=579"},"modified":"2025-10-30T13:18:35","modified_gmt":"2025-10-30T12:18:35","slug":"burg-bevergern","status":"publish","type":"page","link":"https:\/\/heimatverein-elte.de\/?page_id=579","title":{"rendered":"Burg Bevergern"},"content":{"rendered":"\n<h2 class=\"wp-block-heading\">Interessantes von der Burg Bevergern<\/h2>\n\n\n\n<div class=\"wp-block-media-text is-stacked-on-mobile\" style=\"grid-template-columns:30% auto\"><figure class=\"wp-block-media-text__media\"><img loading=\"lazy\" decoding=\"async\" width=\"218\" height=\"340\" src=\"https:\/\/heimatverein-elte.de\/wp-content\/uploads\/2025\/10\/Wappen-der-Burg-Bevergern.jpg\" alt=\"Wappen der Burg Bevergern\" class=\"wp-image-238 size-full\" srcset=\"https:\/\/heimatverein-elte.de\/wp-content\/uploads\/2025\/10\/Wappen-der-Burg-Bevergern.jpg 218w, https:\/\/heimatverein-elte.de\/wp-content\/uploads\/2025\/10\/Wappen-der-Burg-Bevergern-192x300.jpg 192w\" sizes=\"auto, (max-width: 218px) 100vw, 218px\" \/><\/figure><div class=\"wp-block-media-text__content\">\n<p><em>&#8211; kwa &#8211;<\/em> Das Bild links zeigt die Burg Bevergern. Das Haus Stovern bewahrt heute das Bild eines unbekannten Malers aus dem 17. Jahrhundert auf. Die Burg wird am 28. August 1652 in einem Handstreich von M\u00fcnsterischen Soldaten von oranischer Besatzung befreit. Um Anspr\u00fcchen der Holl\u00e4nder zuvorzukommen l\u00e4sst Bh. Ferdinand II. Burg und Schloss in Bevergern 1680 sprengen. Im gleichen Jahr wird die Elter Kirche vergr\u00f6ssert. Laut Inschrift wird der Umbau 1683 abgeschlossen. Der Volksmund will wissen, dass die Bauern dazu Steine und anderes Baumaterial von der zerst\u00f6rten Bevergerner Burg heranfuhren. Das rechte Bild zeigt einen Stein aus dem Mauerwerk von St. Ludgerus Elte mit dem Wappen der Bevergerner.<br><br><em>(Quelle: Chronik der Stadt Rheine &#8211; Th. Giessmann\/Lothar Kurz\/ Foto: Wamelink)<\/em><\/p>\n<\/div><\/div>\n","protected":false},"excerpt":{"rendered":"<p>Interessantes von der Burg Bevergern &#8211; kwa &#8211; Das Bild links zeigt die Burg Bevergern. Das Haus Stovern bewahrt heute [&hellip;]<\/p>\n","protected":false},"author":1,"featured_media":0,"parent":0,"menu_order":0,"comment_status":"closed","ping_status":"closed","template":"","meta":{"site-sidebar-layout":"default","site-content-layout":"","ast-site-content-layout":"default","site-content-style":"default","site-sidebar-style":"default","ast-global-header-display":"","ast-banner-title-visibility":"","ast-main-header-display":"","ast-hfb-above-header-display":"","ast-hfb-below-header-display":"","ast-hfb-mobile-header-display":"","site-post-title":"","ast-breadcrumbs-content":"","ast-featured-img":"","footer-sml-layout":"","ast-disable-related-posts":"","theme-transparent-header-meta":"","adv-header-id-meta":"","stick-header-meta":"","header-above-stick-meta":"","header-main-stick-meta":"","header-below-stick-meta":"","astra-migrate-meta-layouts":"default","ast-page-background-enabled":"default","ast-page-background-meta":{"desktop":{"background-color":"var(--ast-global-color-5)","background-image":"","background-repeat":"repeat","background-position":"center center","background-size":"auto","background-attachment":"scroll","background-type":"","background-media":"","overlay-type":"","overlay-color":"","overlay-opacity":"","overlay-gradient":""},"tablet":{"background-color":"","background-image":"","background-repeat":"repeat","background-position":"center center","background-size":"auto","background-attachment":"scroll","background-type":"","background-media":"","overlay-type":"","overlay-color":"","overlay-opacity":"","overlay-gradient":""},"mobile":{"background-color":"","background-image":"","background-repeat":"repeat","background-position":"center center","background-size":"auto","background-attachment":"scroll","background-type":"","background-media":"","overlay-type":"","overlay-color":"","overlay-opacity":"","overlay-gradient":""}},"ast-content-background-meta":{"desktop":{"background-color":"var(--ast-global-color-4)","background-image":"","background-repeat":"repeat","background-position":"center center","background-size":"auto","background-attachment":"scroll","background-type":"","background-media":"","overlay-type":"","overlay-color":"","overlay-opacity":"","overlay-gradient":""},"tablet":{"background-color":"var(--ast-global-color-4)","background-image":"","background-repeat":"repeat","background-position":"center center","background-size":"auto","background-attachment":"scroll","background-type":"","background-media":"","overlay-type":"","overlay-color":"","overlay-opacity":"","overlay-gradient":""},"mobile":{"background-color":"var(--ast-global-color-4)","background-image":"","background-repeat":"repeat","background-position":"center center","background-size":"auto","background-attachment":"scroll","background-type":"","background-media":"","overlay-type":"","overlay-color":"","overlay-opacity":"","overlay-gradient":""}},"footnotes":""},"class_list":["post-579","page","type-page","status-publish","hentry"],"_links":{"self":[{"href":"https:\/\/heimatverein-elte.de\/index.php?rest_route=\/wp\/v2\/pages\/579","targetHints":{"allow":["GET"]}}],"collection":[{"href":"https:\/\/heimatverein-elte.de\/index.php?rest_route=\/wp\/v2\/pages"}],"about":[{"href":"https:\/\/heimatverein-elte.de\/index.php?rest_route=\/wp\/v2\/types\/page"}],"author":[{"embeddable":true,"href":"https:\/\/heimatverein-elte.de\/index.php?rest_route=\/wp\/v2\/users\/1"}],"replies":[{"embeddable":true,"href":"https:\/\/heimatverein-elte.de\/index.php?rest_route=%2Fwp%2Fv2%2Fcomments&post=579"}],"version-history":[{"count":2,"href":"https:\/\/heimatverein-elte.de\/index.php?rest_route=\/wp\/v2\/pages\/579\/revisions"}],"predecessor-version":[{"id":584,"href":"https:\/\/heimatverein-elte.de\/index.php?rest_route=\/wp\/v2\/pages\/579\/revisions\/584"}],"wp:attachment":[{"href":"https:\/\/heimatverein-elte.de\/index.php?rest_route=%2Fwp%2Fv2%2Fmedia&parent=579"}],"curies":[{"name":"wp","href":"https:\/\/api.w.org\/{rel}","templated":true}]}}