{"id":66,"date":"2025-10-24T14:32:24","date_gmt":"2025-10-24T12:32:24","guid":{"rendered":"https:\/\/heimatverein-elte.de\/?page_id=66"},"modified":"2025-10-28T13:22:31","modified_gmt":"2025-10-28T12:22:31","slug":"allgemeine-beschreibung","status":"publish","type":"page","link":"https:\/\/heimatverein-elte.de\/?page_id=66","title":{"rendered":"Allgemeine Beschreibung"},"content":{"rendered":"\n<div class=\"wp-block-media-text has-media-on-the-right is-stacked-on-mobile\"><div class=\"wp-block-media-text__content\">\n<p>Seit vielen Jahrhunderten sind die Nutzg\u00e4rten Ausdruck f\u00fcr das Wissen im Umgang mit der Natur. Als Bauerngarten, sch\u00f6n und zweckm\u00e4\u00dfig angelegt, f\u00fcllen sie eine besondere Nische im Dorfbereich. Nach dem Vorbild der mittelalterlichen Klosterg\u00e4rten werden in erster Linie Obst, Gem\u00fcse, Kr\u00e4uter und Blumen angepflanzt. Die Karl dem Gro\u00dfen (742 bis 814) zugeschriebene Landg\u00fcterverordnung \u201eCapitulare de villis vel curtis imperii\u201c, die eine detaillierte Vorschrift \u00fcber der die Verwaltung der Krong\u00fcter erlie\u00df, ist eine bekannte Quelle der Gartenbaugeschichte, die versucht Zweckm\u00e4\u00dfigkeit und \u00c4sthetik miteinander zu verbinden. Diese Verordnung nennt uns 73 Nutzpflanzen und 16 verschiedene Obstb\u00e4ume, die angebaut werden sollten. Die b\u00e4uerlichen G\u00e4rten vor 1900 hingegen waren ma\u00dfgeblich zweckgebunden.<br><br>In Elte gestaltete der Heimatverein im Jahre 2007 den Bauerngarten vollst\u00e4ndig neu. Mit viel Wissen um die Bedeutung der Pflanzen, ihrer gestalterischen Anordnung und fachgerechter Pflege sollte das bisherige Erscheinungsbild des hinter dem Heimathaus gelegenen Gartens ver\u00e4ndert werden. Bauerng\u00e4rten sind Kulturgeschichte, aber heute dienen sie auch als stille Oase zur Mu\u00dfe und Erholung.<br><br>\u201eDie alten Germanen lieferten den Zaun, von den R\u00f6mern stammt das Obst, die M\u00f6nche des Mittelalters sorgten f\u00fcr Heilkr\u00e4uter und kreuzf\u00f6rmige Wege, und der Adel steuerte den Buchsbaum bei \u2013 fertig war der Garten, dem die Bauern nur noch ihren Namen \u00fcberlassen mussten: der alte Bauerngarten.&#8220;. So beschreibt es Hermann Kaiser in &#8222;Bauerng\u00e4rten zwischen Weser und Ems&#8220; (2001).<\/p>\n<\/div><figure class=\"wp-block-media-text__media\"><img loading=\"lazy\" decoding=\"async\" width=\"224\" height=\"338\" src=\"https:\/\/heimatverein-elte.de\/wp-content\/uploads\/2025\/10\/Garteineinsatz07_4-bceb18ac.jpg\" alt=\"Bauerngarten mit R\u00fcckseite Heimathaus\" class=\"wp-image-460 size-full\" srcset=\"https:\/\/heimatverein-elte.de\/wp-content\/uploads\/2025\/10\/Garteineinsatz07_4-bceb18ac.jpg 224w, https:\/\/heimatverein-elte.de\/wp-content\/uploads\/2025\/10\/Garteineinsatz07_4-bceb18ac-199x300.jpg 199w\" sizes=\"auto, (max-width: 224px) 100vw, 224px\" \/><\/figure><\/div>\n","protected":false},"excerpt":{"rendered":"<p>Seit vielen Jahrhunderten sind die Nutzg\u00e4rten Ausdruck f\u00fcr das Wissen im Umgang mit der Natur. Als Bauerngarten, sch\u00f6n und zweckm\u00e4\u00dfig [&hellip;]<\/p>\n","protected":false},"author":1,"featured_media":0,"parent":0,"menu_order":0,"comment_status":"closed","ping_status":"closed","template":"","meta":{"site-sidebar-layout":"default","site-content-layout":"","ast-site-content-layout":"default","site-content-style":"default","site-sidebar-style":"default","ast-global-header-display":"","ast-banner-title-visibility":"","ast-main-header-display":"","ast-hfb-above-header-display":"","ast-hfb-below-header-display":"","ast-hfb-mobile-header-display":"","site-post-title":"","ast-breadcrumbs-content":"","ast-featured-img":"","footer-sml-layout":"","ast-disable-related-posts":"","theme-transparent-header-meta":"","adv-header-id-meta":"","stick-header-meta":"","header-above-stick-meta":"","header-main-stick-meta":"","header-below-stick-meta":"","astra-migrate-meta-layouts":"default","ast-page-background-enabled":"default","ast-page-background-meta":{"desktop":{"background-color":"var(--ast-global-color-5)","background-image":"","background-repeat":"repeat","background-position":"center center","background-size":"auto","background-attachment":"scroll","background-type":"","background-media":"","overlay-type":"","overlay-color":"","overlay-opacity":"","overlay-gradient":""},"tablet":{"background-color":"","background-image":"","background-repeat":"repeat","background-position":"center center","background-size":"auto","background-attachment":"scroll","background-type":"","background-media":"","overlay-type":"","overlay-color":"","overlay-opacity":"","overlay-gradient":""},"mobile":{"background-color":"","background-image":"","background-repeat":"repeat","background-position":"center center","background-size":"auto","background-attachment":"scroll","background-type":"","background-media":"","overlay-type":"","overlay-color":"","overlay-opacity":"","overlay-gradient":""}},"ast-content-background-meta":{"desktop":{"background-color":"var(--ast-global-color-4)","background-image":"","background-repeat":"repeat","background-position":"center center","background-size":"auto","background-attachment":"scroll","background-type":"","background-media":"","overlay-type":"","overlay-color":"","overlay-opacity":"","overlay-gradient":""},"tablet":{"background-color":"var(--ast-global-color-4)","background-image":"","background-repeat":"repeat","background-position":"center center","background-size":"auto","background-attachment":"scroll","background-type":"","background-media":"","overlay-type":"","overlay-color":"","overlay-opacity":"","overlay-gradient":""},"mobile":{"background-color":"var(--ast-global-color-4)","background-image":"","background-repeat":"repeat","background-position":"center center","background-size":"auto","background-attachment":"scroll","background-type":"","background-media":"","overlay-type":"","overlay-color":"","overlay-opacity":"","overlay-gradient":""}},"footnotes":""},"class_list":["post-66","page","type-page","status-publish","hentry"],"_links":{"self":[{"href":"https:\/\/heimatverein-elte.de\/index.php?rest_route=\/wp\/v2\/pages\/66","targetHints":{"allow":["GET"]}}],"collection":[{"href":"https:\/\/heimatverein-elte.de\/index.php?rest_route=\/wp\/v2\/pages"}],"about":[{"href":"https:\/\/heimatverein-elte.de\/index.php?rest_route=\/wp\/v2\/types\/page"}],"author":[{"embeddable":true,"href":"https:\/\/heimatverein-elte.de\/index.php?rest_route=\/wp\/v2\/users\/1"}],"replies":[{"embeddable":true,"href":"https:\/\/heimatverein-elte.de\/index.php?rest_route=%2Fwp%2Fv2%2Fcomments&post=66"}],"version-history":[{"count":2,"href":"https:\/\/heimatverein-elte.de\/index.php?rest_route=\/wp\/v2\/pages\/66\/revisions"}],"predecessor-version":[{"id":488,"href":"https:\/\/heimatverein-elte.de\/index.php?rest_route=\/wp\/v2\/pages\/66\/revisions\/488"}],"wp:attachment":[{"href":"https:\/\/heimatverein-elte.de\/index.php?rest_route=%2Fwp%2Fv2%2Fmedia&parent=66"}],"curies":[{"name":"wp","href":"https:\/\/api.w.org\/{rel}","templated":true}]}}