{"id":72,"date":"2025-10-24T14:33:28","date_gmt":"2025-10-24T12:33:28","guid":{"rendered":"https:\/\/heimatverein-elte.de\/?page_id=72"},"modified":"2025-10-28T13:28:12","modified_gmt":"2025-10-28T12:28:12","slug":"geschichte","status":"publish","type":"page","link":"https:\/\/heimatverein-elte.de\/?page_id=72","title":{"rendered":"Geschichte Des Bauerngartens"},"content":{"rendered":"\n<p>Nat\u00fcrlich waren die G\u00e4rten der Bauern vor 1900 zahlreichen Einfl\u00fcssen durch die G\u00e4rten der Kl\u00f6ster, der Lehrer, Pastoren und Apotheker ausgesetzt. Eine einheitliche Form der Gartengestaltung gab es jedoch vor der Konstruktion des idealen Bauerngartens im fr\u00fchen 20. Jahrhundert nicht.<br><br>In der Zeit vom 8. bis 13. Jahrhundert waren die M\u00f6nche verantwortlich f\u00fcr die medizinische Versorgung der Bev\u00f6lkerung. Sie sammelten das Wissen aus fr\u00fcheren Zeiten &#8211; von den \u00c4gyptern und Griechen bis hin zu den Kelten und Germanen. In der Klosterheilkunde z\u00e4hlt die Erfahrung unserer Vorfahren.<br><br>Gegen Ende des 19. Jahrhunderts, beim epochalen \u00dcbergang zum Industrie-Zeitalter, war es die Stadt und deren B\u00fcrgertum, die dem privaten Garten eine neue Bedeutung zukommen lie\u00dfen. Dem einen war er das &#8218;Idyll&#8216; mit reichlich Blumen, geschnittenen Hecken und der ber\u00fchmten Gartenlaube, dem anderen war er wiederum Mittel zum Zweck, um sich mit Kr\u00e4utern, Obst und Gem\u00fcse das Leben preiswerter zu gestalten.<\/p>\n","protected":false},"excerpt":{"rendered":"<p>Nat\u00fcrlich waren die G\u00e4rten der Bauern vor 1900 zahlreichen Einfl\u00fcssen durch die G\u00e4rten der Kl\u00f6ster, der Lehrer, Pastoren und Apotheker [&hellip;]<\/p>\n","protected":false},"author":1,"featured_media":0,"parent":0,"menu_order":0,"comment_status":"closed","ping_status":"closed","template":"","meta":{"site-sidebar-layout":"default","site-content-layout":"","ast-site-content-layout":"default","site-content-style":"default","site-sidebar-style":"default","ast-global-header-display":"","ast-banner-title-visibility":"","ast-main-header-display":"","ast-hfb-above-header-display":"","ast-hfb-below-header-display":"","ast-hfb-mobile-header-display":"","site-post-title":"","ast-breadcrumbs-content":"","ast-featured-img":"","footer-sml-layout":"","ast-disable-related-posts":"","theme-transparent-header-meta":"","adv-header-id-meta":"","stick-header-meta":"","header-above-stick-meta":"","header-main-stick-meta":"","header-below-stick-meta":"","astra-migrate-meta-layouts":"default","ast-page-background-enabled":"default","ast-page-background-meta":{"desktop":{"background-color":"var(--ast-global-color-5)","background-image":"","background-repeat":"repeat","background-position":"center center","background-size":"auto","background-attachment":"scroll","background-type":"","background-media":"","overlay-type":"","overlay-color":"","overlay-opacity":"","overlay-gradient":""},"tablet":{"background-color":"","background-image":"","background-repeat":"repeat","background-position":"center center","background-size":"auto","background-attachment":"scroll","background-type":"","background-media":"","overlay-type":"","overlay-color":"","overlay-opacity":"","overlay-gradient":""},"mobile":{"background-color":"","background-image":"","background-repeat":"repeat","background-position":"center center","background-size":"auto","background-attachment":"scroll","background-type":"","background-media":"","overlay-type":"","overlay-color":"","overlay-opacity":"","overlay-gradient":""}},"ast-content-background-meta":{"desktop":{"background-color":"var(--ast-global-color-4)","background-image":"","background-repeat":"repeat","background-position":"center center","background-size":"auto","background-attachment":"scroll","background-type":"","background-media":"","overlay-type":"","overlay-color":"","overlay-opacity":"","overlay-gradient":""},"tablet":{"background-color":"var(--ast-global-color-4)","background-image":"","background-repeat":"repeat","background-position":"center center","background-size":"auto","background-attachment":"scroll","background-type":"","background-media":"","overlay-type":"","overlay-color":"","overlay-opacity":"","overlay-gradient":""},"mobile":{"background-color":"var(--ast-global-color-4)","background-image":"","background-repeat":"repeat","background-position":"center center","background-size":"auto","background-attachment":"scroll","background-type":"","background-media":"","overlay-type":"","overlay-color":"","overlay-opacity":"","overlay-gradient":""}},"footnotes":""},"class_list":["post-72","page","type-page","status-publish","hentry"],"_links":{"self":[{"href":"https:\/\/heimatverein-elte.de\/index.php?rest_route=\/wp\/v2\/pages\/72","targetHints":{"allow":["GET"]}}],"collection":[{"href":"https:\/\/heimatverein-elte.de\/index.php?rest_route=\/wp\/v2\/pages"}],"about":[{"href":"https:\/\/heimatverein-elte.de\/index.php?rest_route=\/wp\/v2\/types\/page"}],"author":[{"embeddable":true,"href":"https:\/\/heimatverein-elte.de\/index.php?rest_route=\/wp\/v2\/users\/1"}],"replies":[{"embeddable":true,"href":"https:\/\/heimatverein-elte.de\/index.php?rest_route=%2Fwp%2Fv2%2Fcomments&post=72"}],"version-history":[{"count":3,"href":"https:\/\/heimatverein-elte.de\/index.php?rest_route=\/wp\/v2\/pages\/72\/revisions"}],"predecessor-version":[{"id":493,"href":"https:\/\/heimatverein-elte.de\/index.php?rest_route=\/wp\/v2\/pages\/72\/revisions\/493"}],"wp:attachment":[{"href":"https:\/\/heimatverein-elte.de\/index.php?rest_route=%2Fwp%2Fv2%2Fmedia&parent=72"}],"curies":[{"name":"wp","href":"https:\/\/api.w.org\/{rel}","templated":true}]}}