{"id":89,"date":"2025-10-24T14:36:10","date_gmt":"2025-10-24T12:36:10","guid":{"rendered":"https:\/\/heimatverein-elte.de\/?page_id=89"},"modified":"2025-10-28T12:47:24","modified_gmt":"2025-10-28T11:47:24","slug":"honig","status":"publish","type":"page","link":"https:\/\/heimatverein-elte.de\/?page_id=89","title":{"rendered":"Honig"},"content":{"rendered":"\n<figure class=\"wp-block-image aligncenter size-full\"><img loading=\"lazy\" decoding=\"async\" width=\"451\" height=\"299\" src=\"https:\/\/heimatverein-elte.de\/wp-content\/uploads\/2025\/10\/biene_2007_08_02_tiergarten-6568d0eb.jpg\" alt=\"Honigbiene auf Pflanze\" class=\"wp-image-418\" srcset=\"https:\/\/heimatverein-elte.de\/wp-content\/uploads\/2025\/10\/biene_2007_08_02_tiergarten-6568d0eb.jpg 451w, https:\/\/heimatverein-elte.de\/wp-content\/uploads\/2025\/10\/biene_2007_08_02_tiergarten-6568d0eb-300x199.jpg 300w\" sizes=\"auto, (max-width: 451px) 100vw, 451px\" \/><\/figure>\n\n\n\n<ul class=\"wp-block-list\">\n<li>Immer weniger Imker halten immer weniger Bienenv\u00f6lker. Die fl\u00e4chendeckende Best\u00e4ubung heimischer Pflanzen ist langfristig nicht mehr gesichert.<\/li>\n\n\n\n<li>Mehr als 80 % der Bl\u00fctenbest\u00e4ubung wird durch Bienen erbracht.<\/li>\n\n\n\n<li>Honig k\u00f6nnen wir importieren, die Best\u00e4ubung nicht.<\/li>\n\n\n\n<li>F\u00fcr 1 kg Honig m\u00fcssen Bienen 10 bis 15 Millionen Bl\u00fcten aufsuchen, die sie dabei auch best\u00e4uben.<\/li>\n\n\n\n<li>Nebenerwerb- und Freizeitimker spannen ein engmaschiges Netz an Best\u00e4ubern \u00fcber unsere Landschaften. Sie vermarkten ihren Honig fast ausschlie\u00dflich ab Haus oder Hof.<\/li>\n\n\n\n<li>Beteiligen Sie sich an der Nachfrage nach Honig aus Ihrer Heimatregion. Daraus ergeben sich Chancen, die alte Tradition der Freizeitimkerei neu zu beleben.<\/li>\n\n\n\n<li>Honig von Ihrem Imker ist naturbelassen und hat positive gesundheitliche Effekte auch durch vorhandenen heimischen Pollen.<\/li>\n\n\n\n<li>Honig ist was f\u00fcr den Feinschmecker: je nach Standort, Tracht, Jahreszeit und Erntejahr variiert selbst erzeugter Honig in Aroma und Konsistenz.<br><br>Wir, die\u00a0<strong>Hobbyimkerei Gaby &amp; Herbert B\u00fclter<\/strong>, halten ein Sortiment\u00a0an Honigen vor:<\/li>\n<\/ul>\n\n\n\n<figure class=\"wp-block-image size-full\"><img loading=\"lazy\" decoding=\"async\" width=\"472\" height=\"383\" src=\"https:\/\/heimatverein-elte.de\/wp-content\/uploads\/2025\/10\/kartoffelmarkt08-474372af.jpg\" alt=\"Honigverkauf B\u00fclter\" class=\"wp-image-419\" srcset=\"https:\/\/heimatverein-elte.de\/wp-content\/uploads\/2025\/10\/kartoffelmarkt08-474372af.jpg 472w, https:\/\/heimatverein-elte.de\/wp-content\/uploads\/2025\/10\/kartoffelmarkt08-474372af-300x243.jpg 300w\" sizes=\"auto, (max-width: 472px) 100vw, 472px\" \/><\/figure>\n\n\n\n<p>>>> cremig duftender Raps-Honig<br>>>> cremig aromatisch-milder Fr\u00fchjahrs-Honig<br>>>> leicht kristalliner feinherber Sommer-Honig<br>>>> z\u00e4hflie\u00dfender w\u00fcrziger Wald-Honig<br><br>Diese Honige bieten wir an ohne feste \u00d6ffnungszeiten in unserem Wohnhaus Ro\u00dfweg 65 in Elte, auf dem Kartoffelmarkt in Elte am letzten Wochenende im September oder auf dem Martinsmarkt am Hofladen Junge Bornholt in Riesenbeck am ersten Novemberwochenende.<br><br>Unsere Empfehlung:<br><br><a href=\"http:\/\/www.junge-bornholt.de\/\" target=\"_blank\" rel=\"noreferrer noopener\">http:\/\/www.junge-bornholt.de<\/a><\/p>\n","protected":false},"excerpt":{"rendered":"<p>>>> cremig duftender Raps-Honig>>> cremig aromatisch-milder Fr\u00fchjahrs-Honig>>> leicht kristalliner feinherber Sommer-Honig>>> z\u00e4hflie\u00dfender w\u00fcrziger Wald-Honig Diese Honige bieten wir an ohne [&hellip;]<\/p>\n","protected":false},"author":1,"featured_media":0,"parent":0,"menu_order":0,"comment_status":"closed","ping_status":"closed","template":"","meta":{"site-sidebar-layout":"default","site-content-layout":"","ast-site-content-layout":"default","site-content-style":"default","site-sidebar-style":"default","ast-global-header-display":"","ast-banner-title-visibility":"","ast-main-header-display":"","ast-hfb-above-header-display":"","ast-hfb-below-header-display":"","ast-hfb-mobile-header-display":"","site-post-title":"","ast-breadcrumbs-content":"","ast-featured-img":"","footer-sml-layout":"","ast-disable-related-posts":"","theme-transparent-header-meta":"","adv-header-id-meta":"","stick-header-meta":"","header-above-stick-meta":"","header-main-stick-meta":"","header-below-stick-meta":"","astra-migrate-meta-layouts":"default","ast-page-background-enabled":"default","ast-page-background-meta":{"desktop":{"background-color":"var(--ast-global-color-5)","background-image":"","background-repeat":"repeat","background-position":"center center","background-size":"auto","background-attachment":"scroll","background-type":"","background-media":"","overlay-type":"","overlay-color":"","overlay-opacity":"","overlay-gradient":""},"tablet":{"background-color":"","background-image":"","background-repeat":"repeat","background-position":"center center","background-size":"auto","background-attachment":"scroll","background-type":"","background-media":"","overlay-type":"","overlay-color":"","overlay-opacity":"","overlay-gradient":""},"mobile":{"background-color":"","background-image":"","background-repeat":"repeat","background-position":"center center","background-size":"auto","background-attachment":"scroll","background-type":"","background-media":"","overlay-type":"","overlay-color":"","overlay-opacity":"","overlay-gradient":""}},"ast-content-background-meta":{"desktop":{"background-color":"var(--ast-global-color-4)","background-image":"","background-repeat":"repeat","background-position":"center center","background-size":"auto","background-attachment":"scroll","background-type":"","background-media":"","overlay-type":"","overlay-color":"","overlay-opacity":"","overlay-gradient":""},"tablet":{"background-color":"var(--ast-global-color-4)","background-image":"","background-repeat":"repeat","background-position":"center center","background-size":"auto","background-attachment":"scroll","background-type":"","background-media":"","overlay-type":"","overlay-color":"","overlay-opacity":"","overlay-gradient":""},"mobile":{"background-color":"var(--ast-global-color-4)","background-image":"","background-repeat":"repeat","background-position":"center center","background-size":"auto","background-attachment":"scroll","background-type":"","background-media":"","overlay-type":"","overlay-color":"","overlay-opacity":"","overlay-gradient":""}},"footnotes":""},"class_list":["post-89","page","type-page","status-publish","hentry"],"_links":{"self":[{"href":"https:\/\/heimatverein-elte.de\/index.php?rest_route=\/wp\/v2\/pages\/89","targetHints":{"allow":["GET"]}}],"collection":[{"href":"https:\/\/heimatverein-elte.de\/index.php?rest_route=\/wp\/v2\/pages"}],"about":[{"href":"https:\/\/heimatverein-elte.de\/index.php?rest_route=\/wp\/v2\/types\/page"}],"author":[{"embeddable":true,"href":"https:\/\/heimatverein-elte.de\/index.php?rest_route=\/wp\/v2\/users\/1"}],"replies":[{"embeddable":true,"href":"https:\/\/heimatverein-elte.de\/index.php?rest_route=%2Fwp%2Fv2%2Fcomments&post=89"}],"version-history":[{"count":2,"href":"https:\/\/heimatverein-elte.de\/index.php?rest_route=\/wp\/v2\/pages\/89\/revisions"}],"predecessor-version":[{"id":442,"href":"https:\/\/heimatverein-elte.de\/index.php?rest_route=\/wp\/v2\/pages\/89\/revisions\/442"}],"wp:attachment":[{"href":"https:\/\/heimatverein-elte.de\/index.php?rest_route=%2Fwp%2Fv2%2Fmedia&parent=89"}],"curies":[{"name":"wp","href":"https:\/\/api.w.org\/{rel}","templated":true}]}}